{"id":916,"date":"2017-01-26T21:30:44","date_gmt":"2017-01-26T20:30:44","guid":{"rendered":"http:\/\/www.arena-hostel-hamburg.de\/?page_id=916"},"modified":"2023-10-26T09:22:15","modified_gmt":"2023-10-26T07:22:15","slug":"beruf","status":"publish","type":"page","link":"https:\/\/www.arena-hostel-hamburg.de\/index.php\/beruf\/","title":{"rendered":"Monteurzimmer im Arena Hostel"},"content":{"rendered":"<p>&nbsp;<\/p>\n<p><a class=\"xtra-link\" href=\"https:\/\/www.arena-hostel-hamburg.de\/index.php\/beruf\/\">Monteure &#8211; Info<\/a>\u00a0<a class=\"xtra-link\" href=\"https:\/\/www.arena-hostel-hamburg.de\/index.php\/beruf-preise\/\">Monteure &#8211; Preise<\/a>\u00a0<a class=\"xtra-link\" href=\"https:\/\/www.arena-hostel-hamburg.de\/index.php\/beruf-buchung\/\">Monteure &#8211; Buchung<\/a><\/p>\n<p>&nbsp;<\/p>\n<p>Unser Haus bietet Ihnen Doppelzimmer, Dreibettzimmer, 4-Bett Zimmer und 6-Bett Zimmer, wahlweise mit eigenem Dusch- und WC-Bereich oder Gemeinschaftsb\u00e4dern. In jedem Zimmer steht zudem ein K\u00fchlschrank und ein Smart-TV zur Verf\u00fcgung.<\/p>\n<p>Im ersten und zweiten Obergeschoss befinden sich gro\u00dfz\u00fcgige Aufenthaltsr\u00e4ume mit Smart-TV und angeschlossener K\u00fcche. Die K\u00fcche ist mit allem Notwendigen ausgestattet, um sich eine warme Mahlzeit, Tee oder Kaffee zuzubereiten.<\/p>\n<p><strong>Wir bieten euch folgende Ausstattung und Services:<\/strong><\/p>\n<ul>\n<li>Kostenfreier W-LAN Zugang zum Internet <a href=\"https:\/\/www.arena-hostel-hamburg.de\/wp-content\/uploads\/2016\/02\/arena-hostel-hamburg-1.jpg\"><img decoding=\"async\" loading=\"lazy\" class=\"alignright size-medium wp-image-620\" src=\"https:\/\/www.arena-hostel-hamburg.de\/wp-content\/uploads\/2016\/02\/arena-hostel-hamburg-1-300x200.jpg\" alt=\"\" width=\"300\" height=\"200\" srcset=\"https:\/\/www.arena-hostel-hamburg.de\/wp-content\/uploads\/2016\/02\/arena-hostel-hamburg-1-300x200.jpg 300w, https:\/\/www.arena-hostel-hamburg.de\/wp-content\/uploads\/2016\/02\/arena-hostel-hamburg-1-462x306.jpg 462w, https:\/\/www.arena-hostel-hamburg.de\/wp-content\/uploads\/2016\/02\/arena-hostel-hamburg-1-140x94.jpg 140w, https:\/\/www.arena-hostel-hamburg.de\/wp-content\/uploads\/2016\/02\/arena-hostel-hamburg-1.jpg 800w\" sizes=\"(max-width: 300px) 100vw, 300px\" \/><\/a><\/li>\n<li>Abschlie\u00dfbarer Schrank pro Bett im Mehrbettzimmer<\/li>\n<li>Gem\u00fctlicher Aufenthaltsbereich mit TV und angeschlossener K\u00fcche<\/li>\n<li>Alle Zimmer und Sanit\u00e4rbereiche sind barrierefrei<\/li>\n<li>Fahrstuhl vorhanden<\/li>\n<li>Kostenfreie PKW Parkpl\u00e4tze vor dem Haus (begrenzt) und weitere \u00f6ffentliche Stellpl\u00e4tze an der Stra\u00dfe.<\/li>\n<li>(LKW und Anh\u00e4nger Parkpl\u00e4tze stehen <span style=\"text-decoration: underline;\">nicht<\/span> zur Verf\u00fcgung)<\/li>\n<li>Einkaufsm\u00f6glichkeiten, Arzt und Apotheke in ca. 1 km (10 min. zu Fu\u00df) Entfernung.<\/li>\n<li>Fr\u00fchst\u00fcck und Mittagstisch in unmittelbarer Umgebung (<a href=\"http:\/\/fruehstuecksladen-eidelstedt.de\" target=\"_blank\" rel=\"noopener noreferrer\">Bistro<\/a>) nur Mo-Fr.<\/li>\n<li>S-Bahn-Anschluss Station Eidelstedt in 250m Entfernung.<\/li>\n<li>Waschk\u00fcche zur Selbstst\u00e4ndigen W\u00e4sche (6\u20ac Waschen &amp; Trocknen)<\/li>\n<li>Minik\u00fchlschrank &amp; Smart-TV auf jedem Zimmer<\/li>\n<li>Snackautomat<\/li>\n<\/ul>\n<p>&nbsp;<\/p>\n<p><a class=\"xtra-link\" href=\"https:\/\/www.arena-hostel-hamburg.de\/index.php\/beruf-buchung\/\">Hier Monteurzimmer buchen!<\/a><\/p>\n","protected":false},"excerpt":{"rendered":"<p>&nbsp; Monteure &#8211; Info\u00a0Monteure &#8211; Preise\u00a0Monteure &#8211; Buchung &nbsp; Unser Haus bietet Ihnen Doppelzimmer, Dreibettzimmer, 4-Bett Zimmer und 6-Bett Zimmer, wahlweise mit eigenem Dusch- und WC-Bereich oder Gemeinschaftsb\u00e4dern. In jedem Zimmer steht zudem ein K\u00fchlschrank und ein Smart-TV zur Verf\u00fcgung. Im ersten und zweiten Obergeschoss befinden sich gro\u00dfz\u00fcgige Aufenthaltsr\u00e4ume mit Smart-TV und angeschlossener K\u00fcche. Die [&hellip;]<\/p>\n","protected":false},"author":1,"featured_media":0,"parent":0,"menu_order":0,"comment_status":"closed","ping_status":"closed","template":"page-full.php","meta":[],"yoast_head":"<!-- This site is optimized with the Yoast SEO plugin v20.13 - https:\/\/yoast.com\/wordpress\/plugins\/seo\/ -->\n<title>Jetzt Monteurzimmer buchen im Arena Hostel Hamburg<\/title>\n<meta name=\"description\" content=\"&quot;Buchen Sie komfortable Monteurzimmer mit erstklassiger Lesbarkeit! Unser Haus bietet Doppelzimmer, 4-Bett und 6-Bett Zimmer mit Dusche\/WC oder Gemeinschaftsb\u00e4dern. Genie\u00dfen Sie Annehmlichkeiten wie kostenfreies WLAN, Aufenthaltsbereiche mit Smart-TV und voll ausgestattete K\u00fcchen. Barrierefreie Zimmer und Sanit\u00e4rbereiche, kostenfreie Parkpl\u00e4tze und eine g\u00fcnstige Lage erg\u00e4nzen Ihren Aufenthalt. Jetzt buchen!&quot;\" \/>\n<meta name=\"robots\" content=\"index, follow, max-snippet:-1, max-image-preview:large, max-video-preview:-1\" \/>\n<link rel=\"canonical\" href=\"https:\/\/www.arena-hostel-hamburg.de\/index.php\/beruf\/\" \/>\n<meta property=\"og:locale\" content=\"de_DE\" \/>\n<meta property=\"og:type\" content=\"article\" \/>\n<meta property=\"og:title\" content=\"Jetzt Monteurzimmer buchen im Arena Hostel Hamburg\" \/>\n<meta property=\"og:description\" content=\"&quot;Buchen Sie komfortable Monteurzimmer mit erstklassiger Lesbarkeit! Unser Haus bietet Doppelzimmer, 4-Bett und 6-Bett Zimmer mit Dusche\/WC oder Gemeinschaftsb\u00e4dern. Genie\u00dfen Sie Annehmlichkeiten wie kostenfreies WLAN, Aufenthaltsbereiche mit Smart-TV und voll ausgestattete K\u00fcchen. Barrierefreie Zimmer und Sanit\u00e4rbereiche, kostenfreie Parkpl\u00e4tze und eine g\u00fcnstige Lage erg\u00e4nzen Ihren Aufenthalt. Jetzt buchen!&quot;\" \/>\n<meta property=\"og:url\" content=\"https:\/\/www.arena-hostel-hamburg.de\/index.php\/beruf\/\" \/>\n<meta property=\"og:site_name\" content=\"Arena Hostel Hamburg\" \/>\n<meta property=\"article:publisher\" content=\"https:\/\/www.facebook.com\/arena.hostel.hamburg\" \/>\n<meta property=\"article:modified_time\" content=\"2023-10-26T07:22:15+00:00\" \/>\n<meta property=\"og:image\" content=\"https:\/\/www.arena-hostel-hamburg.de\/wp-content\/uploads\/2016\/02\/arena-hostel-hamburg-1-300x200.jpg\" \/>\n<meta name=\"twitter:card\" content=\"summary_large_image\" \/>\n<meta name=\"twitter:label1\" content=\"Gesch\u00e4tzte Lesezeit\" \/>\n\t<meta name=\"twitter:data1\" content=\"2\u00a0Minuten\" \/>\n<script type=\"application\/ld+json\" class=\"yoast-schema-graph\">{\"@context\":\"https:\/\/schema.org\",\"@graph\":[{\"@type\":\"WebPage\",\"@id\":\"https:\/\/www.arena-hostel-hamburg.de\/index.php\/beruf\/\",\"url\":\"https:\/\/www.arena-hostel-hamburg.de\/index.php\/beruf\/\",\"name\":\"Jetzt Monteurzimmer buchen im Arena Hostel Hamburg\",\"isPartOf\":{\"@id\":\"https:\/\/www.arena-hostel-hamburg.de\/#website\"},\"datePublished\":\"2017-01-26T20:30:44+00:00\",\"dateModified\":\"2023-10-26T07:22:15+00:00\",\"description\":\"\\\"Buchen Sie komfortable Monteurzimmer mit erstklassiger Lesbarkeit! Unser Haus bietet Doppelzimmer, 4-Bett und 6-Bett Zimmer mit Dusche\/WC oder Gemeinschaftsb\u00e4dern. Genie\u00dfen Sie Annehmlichkeiten wie kostenfreies WLAN, Aufenthaltsbereiche mit Smart-TV und voll ausgestattete K\u00fcchen. Barrierefreie Zimmer und Sanit\u00e4rbereiche, kostenfreie Parkpl\u00e4tze und eine g\u00fcnstige Lage erg\u00e4nzen Ihren Aufenthalt. Jetzt buchen!\\\"\",\"breadcrumb\":{\"@id\":\"https:\/\/www.arena-hostel-hamburg.de\/index.php\/beruf\/#breadcrumb\"},\"inLanguage\":\"de\",\"potentialAction\":[{\"@type\":\"ReadAction\",\"target\":[\"https:\/\/www.arena-hostel-hamburg.de\/index.php\/beruf\/\"]}]},{\"@type\":\"BreadcrumbList\",\"@id\":\"https:\/\/www.arena-hostel-hamburg.de\/index.php\/beruf\/#breadcrumb\",\"itemListElement\":[{\"@type\":\"ListItem\",\"position\":1,\"name\":\"Startseite\",\"item\":\"https:\/\/www.arena-hostel-hamburg.de\/\"},{\"@type\":\"ListItem\",\"position\":2,\"name\":\"Monteurzimmer im Arena Hostel\"}]},{\"@type\":\"WebSite\",\"@id\":\"https:\/\/www.arena-hostel-hamburg.de\/#website\",\"url\":\"https:\/\/www.arena-hostel-hamburg.de\/\",\"name\":\"Arena Hostel Hamburg\",\"description\":\"\",\"publisher\":{\"@id\":\"https:\/\/www.arena-hostel-hamburg.de\/#organization\"},\"potentialAction\":[{\"@type\":\"SearchAction\",\"target\":{\"@type\":\"EntryPoint\",\"urlTemplate\":\"https:\/\/www.arena-hostel-hamburg.de\/?s={search_term_string}\"},\"query-input\":\"required name=search_term_string\"}],\"inLanguage\":\"de\"},{\"@type\":\"Organization\",\"@id\":\"https:\/\/www.arena-hostel-hamburg.de\/#organization\",\"name\":\"Arena Hostel Hamburg\",\"url\":\"https:\/\/www.arena-hostel-hamburg.de\/\",\"logo\":{\"@type\":\"ImageObject\",\"inLanguage\":\"de\",\"@id\":\"https:\/\/www.arena-hostel-hamburg.de\/#\/schema\/logo\/image\/\",\"url\":\"https:\/\/www.arena-hostel-hamburg.de\/wp-content\/uploads\/2023\/08\/images.jpeg\",\"contentUrl\":\"https:\/\/www.arena-hostel-hamburg.de\/wp-content\/uploads\/2023\/08\/images.jpeg\",\"width\":227,\"height\":222,\"caption\":\"Arena Hostel Hamburg\"},\"image\":{\"@id\":\"https:\/\/www.arena-hostel-hamburg.de\/#\/schema\/logo\/image\/\"},\"sameAs\":[\"https:\/\/www.facebook.com\/arena.hostel.hamburg\"]}]}<\/script>\n<!-- \/ Yoast SEO plugin. -->","yoast_head_json":{"title":"Jetzt Monteurzimmer buchen im Arena Hostel Hamburg","description":"\"Buchen Sie komfortable Monteurzimmer mit erstklassiger Lesbarkeit! Unser Haus bietet Doppelzimmer, 4-Bett und 6-Bett Zimmer mit Dusche\/WC oder Gemeinschaftsb\u00e4dern. Genie\u00dfen Sie Annehmlichkeiten wie kostenfreies WLAN, Aufenthaltsbereiche mit Smart-TV und voll ausgestattete K\u00fcchen. Barrierefreie Zimmer und Sanit\u00e4rbereiche, kostenfreie Parkpl\u00e4tze und eine g\u00fcnstige Lage erg\u00e4nzen Ihren Aufenthalt. Jetzt buchen!\"","robots":{"index":"index","follow":"follow","max-snippet":"max-snippet:-1","max-image-preview":"max-image-preview:large","max-video-preview":"max-video-preview:-1"},"canonical":"https:\/\/www.arena-hostel-hamburg.de\/index.php\/beruf\/","og_locale":"de_DE","og_type":"article","og_title":"Jetzt Monteurzimmer buchen im Arena Hostel Hamburg","og_description":"\"Buchen Sie komfortable Monteurzimmer mit erstklassiger Lesbarkeit! Unser Haus bietet Doppelzimmer, 4-Bett und 6-Bett Zimmer mit Dusche\/WC oder Gemeinschaftsb\u00e4dern. Genie\u00dfen Sie Annehmlichkeiten wie kostenfreies WLAN, Aufenthaltsbereiche mit Smart-TV und voll ausgestattete K\u00fcchen. Barrierefreie Zimmer und Sanit\u00e4rbereiche, kostenfreie Parkpl\u00e4tze und eine g\u00fcnstige Lage erg\u00e4nzen Ihren Aufenthalt. Jetzt buchen!\"","og_url":"https:\/\/www.arena-hostel-hamburg.de\/index.php\/beruf\/","og_site_name":"Arena Hostel Hamburg","article_publisher":"https:\/\/www.facebook.com\/arena.hostel.hamburg","article_modified_time":"2023-10-26T07:22:15+00:00","og_image":[{"url":"https:\/\/www.arena-hostel-hamburg.de\/wp-content\/uploads\/2016\/02\/arena-hostel-hamburg-1-300x200.jpg"}],"twitter_card":"summary_large_image","twitter_misc":{"Gesch\u00e4tzte Lesezeit":"2\u00a0Minuten"},"schema":{"@context":"https:\/\/schema.org","@graph":[{"@type":"WebPage","@id":"https:\/\/www.arena-hostel-hamburg.de\/index.php\/beruf\/","url":"https:\/\/www.arena-hostel-hamburg.de\/index.php\/beruf\/","name":"Jetzt Monteurzimmer buchen im Arena Hostel Hamburg","isPartOf":{"@id":"https:\/\/www.arena-hostel-hamburg.de\/#website"},"datePublished":"2017-01-26T20:30:44+00:00","dateModified":"2023-10-26T07:22:15+00:00","description":"\"Buchen Sie komfortable Monteurzimmer mit erstklassiger Lesbarkeit! Unser Haus bietet Doppelzimmer, 4-Bett und 6-Bett Zimmer mit Dusche\/WC oder Gemeinschaftsb\u00e4dern. Genie\u00dfen Sie Annehmlichkeiten wie kostenfreies WLAN, Aufenthaltsbereiche mit Smart-TV und voll ausgestattete K\u00fcchen. Barrierefreie Zimmer und Sanit\u00e4rbereiche, kostenfreie Parkpl\u00e4tze und eine g\u00fcnstige Lage erg\u00e4nzen Ihren Aufenthalt. Jetzt buchen!\"","breadcrumb":{"@id":"https:\/\/www.arena-hostel-hamburg.de\/index.php\/beruf\/#breadcrumb"},"inLanguage":"de","potentialAction":[{"@type":"ReadAction","target":["https:\/\/www.arena-hostel-hamburg.de\/index.php\/beruf\/"]}]},{"@type":"BreadcrumbList","@id":"https:\/\/www.arena-hostel-hamburg.de\/index.php\/beruf\/#breadcrumb","itemListElement":[{"@type":"ListItem","position":1,"name":"Startseite","item":"https:\/\/www.arena-hostel-hamburg.de\/"},{"@type":"ListItem","position":2,"name":"Monteurzimmer im Arena Hostel"}]},{"@type":"WebSite","@id":"https:\/\/www.arena-hostel-hamburg.de\/#website","url":"https:\/\/www.arena-hostel-hamburg.de\/","name":"Arena Hostel Hamburg","description":"","publisher":{"@id":"https:\/\/www.arena-hostel-hamburg.de\/#organization"},"potentialAction":[{"@type":"SearchAction","target":{"@type":"EntryPoint","urlTemplate":"https:\/\/www.arena-hostel-hamburg.de\/?s={search_term_string}"},"query-input":"required name=search_term_string"}],"inLanguage":"de"},{"@type":"Organization","@id":"https:\/\/www.arena-hostel-hamburg.de\/#organization","name":"Arena Hostel Hamburg","url":"https:\/\/www.arena-hostel-hamburg.de\/","logo":{"@type":"ImageObject","inLanguage":"de","@id":"https:\/\/www.arena-hostel-hamburg.de\/#\/schema\/logo\/image\/","url":"https:\/\/www.arena-hostel-hamburg.de\/wp-content\/uploads\/2023\/08\/images.jpeg","contentUrl":"https:\/\/www.arena-hostel-hamburg.de\/wp-content\/uploads\/2023\/08\/images.jpeg","width":227,"height":222,"caption":"Arena Hostel Hamburg"},"image":{"@id":"https:\/\/www.arena-hostel-hamburg.de\/#\/schema\/logo\/image\/"},"sameAs":["https:\/\/www.facebook.com\/arena.hostel.hamburg"]}]}},"_links":{"self":[{"href":"https:\/\/www.arena-hostel-hamburg.de\/index.php\/wp-json\/wp\/v2\/pages\/916"}],"collection":[{"href":"https:\/\/www.arena-hostel-hamburg.de\/index.php\/wp-json\/wp\/v2\/pages"}],"about":[{"href":"https:\/\/www.arena-hostel-hamburg.de\/index.php\/wp-json\/wp\/v2\/types\/page"}],"author":[{"embeddable":true,"href":"https:\/\/www.arena-hostel-hamburg.de\/index.php\/wp-json\/wp\/v2\/users\/1"}],"replies":[{"embeddable":true,"href":"https:\/\/www.arena-hostel-hamburg.de\/index.php\/wp-json\/wp\/v2\/comments?post=916"}],"version-history":[{"count":22,"href":"https:\/\/www.arena-hostel-hamburg.de\/index.php\/wp-json\/wp\/v2\/pages\/916\/revisions"}],"predecessor-version":[{"id":2173,"href":"https:\/\/www.arena-hostel-hamburg.de\/index.php\/wp-json\/wp\/v2\/pages\/916\/revisions\/2173"}],"wp:attachment":[{"href":"https:\/\/www.arena-hostel-hamburg.de\/index.php\/wp-json\/wp\/v2\/media?parent=916"}],"curies":[{"name":"wp","href":"https:\/\/api.w.org\/{rel}","templated":true}]}}