{"id":7,"date":"2015-03-15T15:21:23","date_gmt":"2015-03-15T14:21:23","guid":{"rendered":"http:\/\/csommer.eu\/arenahostel\/?page_id=6"},"modified":"2024-04-19T15:56:56","modified_gmt":"2024-04-19T13:56:56","slug":"unser-haus","status":"publish","type":"page","link":"https:\/\/www.arena-hostel-hamburg.de\/index.php\/unser-haus\/","title":{"rendered":"Unser Haus"},"content":{"rendered":"<p data-wp-editing=\"1\"><img decoding=\"async\" loading=\"lazy\" class=\"alignright size-full wp-image-49\" src=\"https:\/\/www.arena-hostel-hamburg.de\/wp-content\/uploads\/2015\/04\/arena-hostel-hamburg-aussenansicht.jpg\" alt=\"Arena Hostel Hamburg\" width=\"246\" height=\"246\" \/><\/p>\n<p>Das Arena Hostel Hamburg befindet sich nur 10 Gehminuten vom Volksparkstadion und der Barclays Arena entfernt, wo gro\u00dfe Sportveranstaltungen und Konzerte weltber\u00fchmter Stars stattfinden.<\/p>\n<p>In nur zwei Minuten Entfernung liegt die S-Bahn-Station Eidelstedt, von der aus Sie in 15 Minuten zum Jungfernstieg gelangen, um ausgiebig shoppen zu gehen, oder zur Reeperbahn im Herzen von St. Pauli. Von dort aus k\u00f6nnen Sie jeden Sonntagmorgen den ber\u00fchmten Fischmarkt besuchen, einen Blick auf den Hafen der Weltstadt Hamburg werfen oder einfach nur das pulsierende Leben der Stadt genie\u00dfen.<\/p>\n<p>Unser Haus bietet Ihnen Doppelzimmer, Vierbettzimmer und Sechsbett-Dorms. Die Zimmer sind \u00e4hnlich gestaltet wie in Youth Backpacker Hostels oder Jugendherbergen, jedoch mit liebevoller Ausstattung und im trendigen Stil. Alle Zimmer verf\u00fcgen \u00fcber einen Minik\u00fchlschrank und einen Smart-TV, mit dem Sie YouTube, Netflix und andere Streaming-Dienste nutzen k\u00f6nnen.<\/p>\n<p>Wir bieten Zimmer mit eigenem Bad und auch mit Gemeinschaftsb\u00e4dern auf den Fluren an. Unser Hostel ist komplett mit kostenlosem WLAN ausgestattet. In den ersten und zweiten Obergeschossen finden Sie gro\u00dfz\u00fcgige Aufenthaltsr\u00e4ume mit Flachbildfernsehern und einer gut ausgestatteten K\u00fcche, die sogar einen Backofen enth\u00e4lt. Die K\u00fcche ist mit allem Notwendigen ausgestattet, um sich eine warme Mahlzeit oder Tee zuzubereiten (Teebeutel bitte selbst mitbringen). Zur Ausstattung geh\u00f6ren ein 4-fach Toaster, eine Mikrowelle, ein Induktionskochfeld, ein Wasserkocher, Besteck, T\u00f6pfe, Geschirr, Gl\u00e4ser, Becher und ein Backofen.<\/p>\n<p>Wir freuen uns darauf, Ihnen einen angenehmen Aufenthalt in unserem Hostel zu bieten und Ihnen einen unvergesslichen Aufenthalt in Hamburg zu erm\u00f6glichen.<\/p>\n<h3><\/h3>\n<h2><strong>Wir bieten euch folgende Ausstattung und Services:<\/strong><\/h2>\n<p>&nbsp;<\/p>\n<ul>\n<li>Gro\u00dfe komplett ausgestattete K\u00fcchen auf jeder Etage ganz nach dem Motto:<br \/>\n<strong>&#8222;Machen Sie sich keine Sorgen, solange Sie sich selbst versorgen!&#8220;<\/strong><\/li>\n<\/ul>\n<ul>\n<li>Kostenfreier WLAN-Zugang zum Internet<\/li>\n<li>Kostenfreie Gep\u00e4ckaufbewahrung<\/li>\n<li>Abschlie\u00dfbarer Schrank pro Bett im Mehrbettzimmer<img decoding=\"async\" loading=\"lazy\" class=\"alignright size-full wp-image-53\" src=\"https:\/\/www.arena-hostel-hamburg.de\/wp-content\/uploads\/2015\/04\/arena-hostel-hamburg-door.jpg\" alt=\"Arena Hostel Hamburg\" width=\"246\" height=\"246\" \/><\/li>\n<li>Stahl Etagenbetten\n<ul>\n<li>Allergiker Betten, Bettzeug und Matratzen<\/li>\n<\/ul>\n<\/li>\n<li>Gem\u00fctlicher Aufenthaltsbereich mit gro\u00dfem Fernseher<\/li>\n<li>Minik\u00fchlschrank &amp; Smart-TV auf jedem Zimmer<\/li>\n<li>Verleih von B\u00fcgeleisen, B\u00fcgelbrett und Haar-F\u00f6hn gegen kleine Geb\u00fchr<\/li>\n<li>Wasserkocher, Tassen und Gl\u00e4ser auf allen Zimmern<\/li>\n<li>Alle Zimmer sind barrierefrei<\/li>\n<li>Nichtraucher Hostel (Alle Bereiche, Zimmer, Flure, K\u00fcchen)<\/li>\n<li>Fahrstuhl<\/li>\n<li>Kostenfreie PKW-Parkpl\u00e4tze am Haus und ums Haus herum (f\u00fcr Busse oder LKW sind keine Pl\u00e4tze vorhanden)<\/li>\n<li>Einkaufsm\u00f6glichkeiten, Post, etc. ca. 1 km<\/li>\n<li>S -Bahn-Anschluss Station Eidelstedt in 250 m Entfernung<\/li>\n<li>Snackautomat &amp; Kaffeeautomat im ersten Stock<\/li>\n<li>Stadtkarten mit Ausflugstipps<\/li>\n<li>Waschk\u00fcche zur Selbstst\u00e4ndigen W\u00e4sche (6 \u20ac Waschen &amp; Trocknen)<\/li>\n<\/ul>\n<p>&nbsp;<\/p>\n<p>&nbsp;<\/p>\n<p>LANGEWEILE \ud83d\ude41 NICHT IN HAMBURG \ud83d\ude42<\/p>\n<p>Hier ein paar Tipps und Sehensw\u00fcrdigkeiten die ihr euch unbedingt anschauen solltet<\/p>\n<p>Und wer wei\u00df, vielleicht bleibt ihr noch ein paar Tage l\u00e4nger in der sch\u00f6nsten Stadt der Welt. Wir w\u00fcrden uns freuen.<\/p>\n<p><a style=\"font-weight: bold;\" href=\"https:\/\/www.arena-hostel-hamburg.de\/index.php\/links\/\">Hier die Tipps! <\/a><\/p>\n<hr \/>\n<p>&nbsp;<\/p>\n<h2 style=\"color: #339966;\">Hostel GO Green<\/h2>\n<p><a href=\"http:\/\/www.strato.de\" target=\"_blank\" rel=\"noopener noreferrer\"><img decoding=\"async\" loading=\"lazy\" class=\"alignright size-full wp-image-72\" src=\"https:\/\/www.arena-hostel-hamburg.de\/wp-content\/uploads\/2015\/04\/stratogreen.png\" alt=\"stratogreen\" width=\"202\" height=\"75\" \/><\/a>Das neu er\u00f6ffnete Arena Hostel Hamburg k\u00f6nnte man auch als GO-Green Hostel bezeichnen. Wir haben die Versorgung mit Strom, Warmwasser, Heizung und Mobiliar sehr \u00f6kologisch gestaltet. Das Niedrigenergiehaus mit hervorragenden W\u00e4rmed\u00e4mmeigenschaften ist technisch wie folgt ausgestattet:<\/p>\n<p>Die M\u00f6bel sind zum gro\u00dfen Teil aus nachwachsenden Rohstoffen gefertigt.<\/p>\n<p>Strom beziehen wir aus regenerativen Energien.<\/p>\n<p>Warmwasser kommt \u00fcber 16 Solar-Panels, die einen 3000 Liter Pufferspeicher speisen, so k\u00f6nnen alle G\u00e4ste immer und zu jeder Zeit warm duschen.<\/p>\n<p>\u00dcber Luftw\u00e4rmepumpen wird unsere, im ganzen Haus verbaute, Fu\u00dfbodenheizung mit W\u00e4rme versorgt. Selbst bei -5\u00b0 Grad Au\u00dfentemperatur haben wir im Hostel immer noch warme 19\u00b0 Grad. Im Durchschnitt haben wir im Winter 21\u00b0 Grad Raumtemperatur.<\/p>\n<p>Sollten die oben genannten Versorger einmal nicht ausreichen, springt eine umweltfreundliche Gastherme mit an, um uns mit der fehlenden W\u00e4rme oder Warmwasser zu versorgen. Die Gastherme hat einen sehr geringen CO\u00b2 Aussto\u00df.<\/p>\n<p>Hamburg war in 2011 EU Umwelthauptstadt und wir m\u00f6chten nachhaltig dazu beitragen die Umwelt zu sch\u00fctzen. Die Kosten waren enorm, aber wir denken, jeder sollte seinen Beitrag leisten, zur Erhaltung unseres blauen Planeten.<\/p>\n<hr \/>\n<p>&nbsp;<\/p>\n<p><img decoding=\"async\" loading=\"lazy\" class=\"alignright size-full wp-image-74\" src=\"https:\/\/www.arena-hostel-hamburg.de\/wp-content\/uploads\/2015\/04\/pfeilneu.jpg\" alt=\"pfeilneu\" width=\"50\" height=\"50\" \/>Was sich alles aktuelles bei uns so tut und ver\u00e4ndert, k\u00f6nnt ihr immer auf unserer Facebook Seite nachlesen!<\/p>\n<hr \/>\n<p>&nbsp;<\/p>\n<div class=\"inner-footer-wrapper\">\n<div class=\"inner-footer-left\"><a href=\"https:\/\/haus-adebar.de\/\"><img decoding=\"async\" class=\"aligncenter\" src=\"https:\/\/www.arena-hostel-hamburg.de\/wp-content\/uploads\/2019\/11\/haus-adebar-logo.jpg\" alt=\"Haus Adebar\" border=\"0\" \/><\/a><\/div>\n<div class=\"inner-footer-center\">\n<p>&nbsp;<\/p>\n<h3>Lust auf Urlaub am sch\u00f6nen M\u00fcritzsee?!<\/h3>\n<p>Dem Gro\u00dfstadtl\u00e4rm entfliehen, Lust auf entspannte Erholung in der Natur.<br \/>\nDann haben wir genau die richtige Adresse f\u00fcr dich <strong>\u201eDas Haus Adebar\u201c<\/strong> am idyllischen M\u00fcritzsee.<br \/>\nHier ist dein Nachbar ein echter Storch.<br \/>\nDie Freizeitm\u00f6glichkeiten rund um den M\u00fcritzsee sind abwechslungsreich.<br \/>\nAngeln, Radfahren, Boot fahren, Wandern und in den Sommermonaten am Strand liegen und baden.<br \/>\nDer M\u00fcritzsee ist nur 800 m entfernt.<br \/>\nHat Dich die Vorfreude gepackt, besuche unser Haus Adebar Webseite und schau es Dir an \u2013 <a href=\"https:\/\/haus-adebar.de\/\" target=\"_blank\" rel=\"noopener noreferrer\"><u>hier klicken<\/u><\/a><\/p>\n<\/div>\n<div class=\"inner-footer-right\"><a href=\"https:\/\/haus-adebar.de\/\"><img decoding=\"async\" class=\"aligncenter\" src=\"https:\/\/www.arena-hostel-hamburg.de\/wp-content\/uploads\/2019\/11\/haus-adebar-aussen-1.jpg\" alt=\"Haus Adebar\" width=\"200\" border=\"0\" \/><\/a><\/div>\n<\/div>\n","protected":false},"excerpt":{"rendered":"<p>Das Arena Hostel Hamburg befindet sich nur 10 Gehminuten vom Volksparkstadion und der Barclays Arena entfernt, wo gro\u00dfe Sportveranstaltungen und Konzerte weltber\u00fchmter Stars stattfinden. In nur zwei Minuten Entfernung liegt die S-Bahn-Station Eidelstedt, von der aus Sie in 15 Minuten zum Jungfernstieg gelangen, um ausgiebig shoppen zu gehen, oder zur Reeperbahn im Herzen von St. [&hellip;]<\/p>\n","protected":false},"author":1,"featured_media":0,"parent":0,"menu_order":0,"comment_status":"open","ping_status":"open","template":"page-full.php","meta":[],"yoast_head":"<!-- This site is optimized with the Yoast SEO plugin v20.13 - https:\/\/yoast.com\/wordpress\/plugins\/seo\/ -->\n<title>&quot;Nachhaltiges Arena Hostel Hamburg: Moderner Komfort in Top-Lage \u2013 Jetzt buchen!&quot;<\/title>\n<meta name=\"description\" content=\"&quot;Entdecken Sie das Arena Hostel Hamburg: Ideale Lage, moderne Zimmer, kostenlose Annehmlichkeiten. Genie\u00dfen Sie Komfort und Nachhaltigkeit in der sch\u00f6nsten Stadt. Jetzt buchen!&quot;\" \/>\n<meta name=\"robots\" content=\"index, follow, max-snippet:-1, max-image-preview:large, max-video-preview:-1\" \/>\n<link rel=\"canonical\" href=\"https:\/\/www.arena-hostel-hamburg.de\/index.php\/unser-haus\/\" \/>\n<meta property=\"og:locale\" content=\"de_DE\" \/>\n<meta property=\"og:type\" content=\"article\" \/>\n<meta property=\"og:title\" content=\"&quot;Nachhaltiges Arena Hostel Hamburg: Moderner Komfort in Top-Lage \u2013 Jetzt buchen!&quot;\" \/>\n<meta property=\"og:description\" content=\"&quot;Entdecken Sie das Arena Hostel Hamburg: Ideale Lage, moderne Zimmer, kostenlose Annehmlichkeiten. Genie\u00dfen Sie Komfort und Nachhaltigkeit in der sch\u00f6nsten Stadt. Jetzt buchen!&quot;\" \/>\n<meta property=\"og:url\" content=\"https:\/\/www.arena-hostel-hamburg.de\/index.php\/unser-haus\/\" \/>\n<meta property=\"og:site_name\" content=\"Arena Hostel Hamburg\" \/>\n<meta property=\"article:publisher\" content=\"https:\/\/www.facebook.com\/arena.hostel.hamburg\" \/>\n<meta property=\"article:modified_time\" content=\"2024-04-19T13:56:56+00:00\" \/>\n<meta property=\"og:image\" content=\"https:\/\/www.arena-hostel-hamburg.de\/wp-content\/uploads\/2015\/04\/arena-hostel-hamburg-aussenansicht.jpg\" \/>\n<meta name=\"twitter:card\" content=\"summary_large_image\" \/>\n<meta name=\"twitter:label1\" content=\"Gesch\u00e4tzte Lesezeit\" \/>\n\t<meta name=\"twitter:data1\" content=\"6\u00a0Minuten\" \/>\n<script type=\"application\/ld+json\" class=\"yoast-schema-graph\">{\"@context\":\"https:\/\/schema.org\",\"@graph\":[{\"@type\":\"WebPage\",\"@id\":\"https:\/\/www.arena-hostel-hamburg.de\/index.php\/unser-haus\/\",\"url\":\"https:\/\/www.arena-hostel-hamburg.de\/index.php\/unser-haus\/\",\"name\":\"\\\"Nachhaltiges Arena Hostel Hamburg: Moderner Komfort in Top-Lage \u2013 Jetzt buchen!\\\"\",\"isPartOf\":{\"@id\":\"https:\/\/www.arena-hostel-hamburg.de\/#website\"},\"datePublished\":\"2015-03-15T14:21:23+00:00\",\"dateModified\":\"2024-04-19T13:56:56+00:00\",\"description\":\"\\\"Entdecken Sie das Arena Hostel Hamburg: Ideale Lage, moderne Zimmer, kostenlose Annehmlichkeiten. Genie\u00dfen Sie Komfort und Nachhaltigkeit in der sch\u00f6nsten Stadt. Jetzt buchen!\\\"\",\"breadcrumb\":{\"@id\":\"https:\/\/www.arena-hostel-hamburg.de\/index.php\/unser-haus\/#breadcrumb\"},\"inLanguage\":\"de\",\"potentialAction\":[{\"@type\":\"ReadAction\",\"target\":[\"https:\/\/www.arena-hostel-hamburg.de\/index.php\/unser-haus\/\"]}]},{\"@type\":\"BreadcrumbList\",\"@id\":\"https:\/\/www.arena-hostel-hamburg.de\/index.php\/unser-haus\/#breadcrumb\",\"itemListElement\":[{\"@type\":\"ListItem\",\"position\":1,\"name\":\"Startseite\",\"item\":\"https:\/\/www.arena-hostel-hamburg.de\/\"},{\"@type\":\"ListItem\",\"position\":2,\"name\":\"Unser Haus\"}]},{\"@type\":\"WebSite\",\"@id\":\"https:\/\/www.arena-hostel-hamburg.de\/#website\",\"url\":\"https:\/\/www.arena-hostel-hamburg.de\/\",\"name\":\"Arena Hostel Hamburg\",\"description\":\"\",\"publisher\":{\"@id\":\"https:\/\/www.arena-hostel-hamburg.de\/#organization\"},\"potentialAction\":[{\"@type\":\"SearchAction\",\"target\":{\"@type\":\"EntryPoint\",\"urlTemplate\":\"https:\/\/www.arena-hostel-hamburg.de\/?s={search_term_string}\"},\"query-input\":\"required name=search_term_string\"}],\"inLanguage\":\"de\"},{\"@type\":\"Organization\",\"@id\":\"https:\/\/www.arena-hostel-hamburg.de\/#organization\",\"name\":\"Arena Hostel Hamburg\",\"url\":\"https:\/\/www.arena-hostel-hamburg.de\/\",\"logo\":{\"@type\":\"ImageObject\",\"inLanguage\":\"de\",\"@id\":\"https:\/\/www.arena-hostel-hamburg.de\/#\/schema\/logo\/image\/\",\"url\":\"https:\/\/www.arena-hostel-hamburg.de\/wp-content\/uploads\/2023\/08\/images.jpeg\",\"contentUrl\":\"https:\/\/www.arena-hostel-hamburg.de\/wp-content\/uploads\/2023\/08\/images.jpeg\",\"width\":227,\"height\":222,\"caption\":\"Arena Hostel Hamburg\"},\"image\":{\"@id\":\"https:\/\/www.arena-hostel-hamburg.de\/#\/schema\/logo\/image\/\"},\"sameAs\":[\"https:\/\/www.facebook.com\/arena.hostel.hamburg\"]}]}<\/script>\n<!-- \/ Yoast SEO plugin. -->","yoast_head_json":{"title":"\"Nachhaltiges Arena Hostel Hamburg: Moderner Komfort in Top-Lage \u2013 Jetzt buchen!\"","description":"\"Entdecken Sie das Arena Hostel Hamburg: Ideale Lage, moderne Zimmer, kostenlose Annehmlichkeiten. Genie\u00dfen Sie Komfort und Nachhaltigkeit in der sch\u00f6nsten Stadt. Jetzt buchen!\"","robots":{"index":"index","follow":"follow","max-snippet":"max-snippet:-1","max-image-preview":"max-image-preview:large","max-video-preview":"max-video-preview:-1"},"canonical":"https:\/\/www.arena-hostel-hamburg.de\/index.php\/unser-haus\/","og_locale":"de_DE","og_type":"article","og_title":"\"Nachhaltiges Arena Hostel Hamburg: Moderner Komfort in Top-Lage \u2013 Jetzt buchen!\"","og_description":"\"Entdecken Sie das Arena Hostel Hamburg: Ideale Lage, moderne Zimmer, kostenlose Annehmlichkeiten. Genie\u00dfen Sie Komfort und Nachhaltigkeit in der sch\u00f6nsten Stadt. Jetzt buchen!\"","og_url":"https:\/\/www.arena-hostel-hamburg.de\/index.php\/unser-haus\/","og_site_name":"Arena Hostel Hamburg","article_publisher":"https:\/\/www.facebook.com\/arena.hostel.hamburg","article_modified_time":"2024-04-19T13:56:56+00:00","og_image":[{"url":"https:\/\/www.arena-hostel-hamburg.de\/wp-content\/uploads\/2015\/04\/arena-hostel-hamburg-aussenansicht.jpg"}],"twitter_card":"summary_large_image","twitter_misc":{"Gesch\u00e4tzte Lesezeit":"6\u00a0Minuten"},"schema":{"@context":"https:\/\/schema.org","@graph":[{"@type":"WebPage","@id":"https:\/\/www.arena-hostel-hamburg.de\/index.php\/unser-haus\/","url":"https:\/\/www.arena-hostel-hamburg.de\/index.php\/unser-haus\/","name":"\"Nachhaltiges Arena Hostel Hamburg: Moderner Komfort in Top-Lage \u2013 Jetzt buchen!\"","isPartOf":{"@id":"https:\/\/www.arena-hostel-hamburg.de\/#website"},"datePublished":"2015-03-15T14:21:23+00:00","dateModified":"2024-04-19T13:56:56+00:00","description":"\"Entdecken Sie das Arena Hostel Hamburg: Ideale Lage, moderne Zimmer, kostenlose Annehmlichkeiten. Genie\u00dfen Sie Komfort und Nachhaltigkeit in der sch\u00f6nsten Stadt. Jetzt buchen!\"","breadcrumb":{"@id":"https:\/\/www.arena-hostel-hamburg.de\/index.php\/unser-haus\/#breadcrumb"},"inLanguage":"de","potentialAction":[{"@type":"ReadAction","target":["https:\/\/www.arena-hostel-hamburg.de\/index.php\/unser-haus\/"]}]},{"@type":"BreadcrumbList","@id":"https:\/\/www.arena-hostel-hamburg.de\/index.php\/unser-haus\/#breadcrumb","itemListElement":[{"@type":"ListItem","position":1,"name":"Startseite","item":"https:\/\/www.arena-hostel-hamburg.de\/"},{"@type":"ListItem","position":2,"name":"Unser Haus"}]},{"@type":"WebSite","@id":"https:\/\/www.arena-hostel-hamburg.de\/#website","url":"https:\/\/www.arena-hostel-hamburg.de\/","name":"Arena Hostel Hamburg","description":"","publisher":{"@id":"https:\/\/www.arena-hostel-hamburg.de\/#organization"},"potentialAction":[{"@type":"SearchAction","target":{"@type":"EntryPoint","urlTemplate":"https:\/\/www.arena-hostel-hamburg.de\/?s={search_term_string}"},"query-input":"required name=search_term_string"}],"inLanguage":"de"},{"@type":"Organization","@id":"https:\/\/www.arena-hostel-hamburg.de\/#organization","name":"Arena Hostel Hamburg","url":"https:\/\/www.arena-hostel-hamburg.de\/","logo":{"@type":"ImageObject","inLanguage":"de","@id":"https:\/\/www.arena-hostel-hamburg.de\/#\/schema\/logo\/image\/","url":"https:\/\/www.arena-hostel-hamburg.de\/wp-content\/uploads\/2023\/08\/images.jpeg","contentUrl":"https:\/\/www.arena-hostel-hamburg.de\/wp-content\/uploads\/2023\/08\/images.jpeg","width":227,"height":222,"caption":"Arena Hostel Hamburg"},"image":{"@id":"https:\/\/www.arena-hostel-hamburg.de\/#\/schema\/logo\/image\/"},"sameAs":["https:\/\/www.facebook.com\/arena.hostel.hamburg"]}]}},"_links":{"self":[{"href":"https:\/\/www.arena-hostel-hamburg.de\/index.php\/wp-json\/wp\/v2\/pages\/7"}],"collection":[{"href":"https:\/\/www.arena-hostel-hamburg.de\/index.php\/wp-json\/wp\/v2\/pages"}],"about":[{"href":"https:\/\/www.arena-hostel-hamburg.de\/index.php\/wp-json\/wp\/v2\/types\/page"}],"author":[{"embeddable":true,"href":"https:\/\/www.arena-hostel-hamburg.de\/index.php\/wp-json\/wp\/v2\/users\/1"}],"replies":[{"embeddable":true,"href":"https:\/\/www.arena-hostel-hamburg.de\/index.php\/wp-json\/wp\/v2\/comments?post=7"}],"version-history":[{"count":28,"href":"https:\/\/www.arena-hostel-hamburg.de\/index.php\/wp-json\/wp\/v2\/pages\/7\/revisions"}],"predecessor-version":[{"id":2206,"href":"https:\/\/www.arena-hostel-hamburg.de\/index.php\/wp-json\/wp\/v2\/pages\/7\/revisions\/2206"}],"wp:attachment":[{"href":"https:\/\/www.arena-hostel-hamburg.de\/index.php\/wp-json\/wp\/v2\/media?parent=7"}],"curies":[{"name":"wp","href":"https:\/\/api.w.org\/{rel}","templated":true}]}}