{"id":30,"date":"2015-04-10T15:44:49","date_gmt":"2015-04-10T13:44:49","guid":{"rendered":"http:\/\/csommer.eu\/arenahostel\/?page_id=30"},"modified":"2023-08-22T08:49:31","modified_gmt":"2023-08-22T06:49:31","slug":"hausordnung","status":"publish","type":"page","link":"https:\/\/www.arena-hostel-hamburg.de\/index.php\/hausordnung\/","title":{"rendered":"Hausordnung"},"content":{"rendered":"<p>Die Hausordnung regelt das Zusammenleben aller Mitbewohner des Hauses. Sie enth\u00e4lt Rechte und Pflichten. Sie gilt f\u00fcr alle Bewohner. Ohne eine gewisse Ordnung ist das Zusammenleben mehrerer Menschen unter einem Dach nicht m\u00f6glich. Alle werden sich nur dann wohlf\u00fchlen, wenn alle G\u00e4ste aufeinander R\u00fccksicht nehmen! Bei individuellen Fragen sprecht uns bitte pers\u00f6nlich an. Wir helfen gerne!<\/p>\n<p>Jeder Gast ist daf\u00fcr verantwortlich, dass vermeidbarer L\u00e4rm in dem Zimmer und auf dem Grundst\u00fcck unterbleibt. Besondere R\u00fccksichtnahme ist in der Zeit von 22 Uhr bis 6 Uhr geboten. Radios, Fernsehen und so weiter sind auf Zimmerlautst\u00e4rke zu stellen.<\/p>\n<p>Jeder einzelne Gast hat das Mietobjekt pfleglich zu behandeln und daf\u00fcr Sorge zu tragen, dass auch seine Mitreisenden die Mietbedingungen einhalten.<\/p>\n<p>Es ist untersagt, im gesamten Geb\u00e4ude zu rauchen. Sollte dennoch im Zimmer und\/oder in den \u00f6ffentlichen Bereichen geraucht werden, f\u00e4llt ein Betrag von 75 EUR Grundreinigung an.<\/p>\n<p>Sollte eine Brandmeldung durch Rauchen, Feuer oder offenes Licht ausgel\u00f6st werden, durch den die Feuerwehr zum Einsatz kommt, ist ein Betrag von 1350 EURO f\u00e4llig! F\u00fcr das Arena Hostel mit 100 Betten wurden durch das Brandl\u00f6schkonzept 5 L\u00f6schfahrzeuge festgelegt, mit 10 Mann Besatzung. Dies ergibt zusammen Kosten in H\u00f6he von 1350 EURO f\u00fcr das Ausl\u00f6sen der Brandmeldeanlage im Hostel. Nach Ausl\u00f6sung ist die Feuerwehr binnen 3-5 Minuten vor Ort, ohne dass man den Vorgang noch abbrechen kann. Die Brandmelder zeigen genau an, wo das Signal ausgel\u00f6st wurde.<br \/>\nAuch bewusste Sabotage der Brandmeldeanlage, zum Beispiel durch Herausdrehen der Rauchmelder oder ausl\u00f6sen des Alarms durch Treibgase, werden mit Kosten von 400 EUR an den Gast berechnet!<\/p>\n<p>Soweit es f\u00fcr Euch erkennbar und feststellbar ist, informiert uns bitte schnellstm\u00f6glich \u00fcber entstandene Sch\u00e4den.<\/p>\n<p>Der Mieter haftet f\u00fcr von ihm verursachte Sch\u00e4den! Besch\u00e4digtes, verlorenes, wie Schl\u00fcssel (50 Euro), Handt\u00fccher (10 Euro) etc. oder zerst\u00f6rtes Inventar wird zum Wiederbeschaffungspreis in Rechnung gestellt. Bei grober Verschmutzung wird ein extra Reinigungsgeld erhoben.<\/p>\n<p>Der Vermieter haftet nicht f\u00fcr Wertgegenst\u00e4nde und Garderobe des Mieters.<\/p>\n<p>Die Zimmer sind am Abreisetag bis 11 Uhr zu verlassen und es erfolgt die Schl\u00fcssel\u00fcbergabe.\u00a0 \u00a0 \u00a0 \u00a0 \u00a0 \u00a0 \u00a0 \u00a0 \u00a0 \u00a0 \u00a0 \u00a0 \u00a0 \u00a0 \u00a0 \u00a0 \u00a0 \u00a0 \u00a0 \u00a0 \u00a0 \u00a0 \u00a0 \u00a0 \u00a0 \u00a0 \u00a0(R\u00fcckgabe Briefkasten im Erdgeschoss)<\/p>\n<p>Der Zimmerschl\u00fcssel ist nicht an Au\u00dfenstehende weiterzugeben.<\/p>\n<p>Es d\u00fcrfen sich keine Au\u00dfenstehende, sondern nur Mieter in den R\u00e4umlichkeiten aufhalten.<\/p>\n<p>Die Gemeinschaftsb\u00e4der und K\u00fcchen sind immer ordentlich zu hinterlassen und bitte keine pers\u00f6nlichen Gegenst\u00e4nde liegen lassen.<\/p>\n<p>Vergessene Gegenst\u00e4nde k\u00f6nnen per DHL Paket nachgesendet werden, die Bearbeitungspauschale betr\u00e4gt 20 Euro per Vorkasse.<\/p>\n<p>Der Vermieter hat jederzeit das Recht, die R\u00e4ume zu betreten.<\/p>\n<p>Aus hygienischen Gr\u00fcnden und Verst\u00e4ndnis f\u00fcr die Mitbewohner d\u00fcrfen keine Haustiere (unabh\u00e4ngig von Gr\u00f6\u00dfe oder Art) mitgebracht werden<\/p>\n<p>Wir sind von 10 bis 19 Uhr f\u00fcr Euch da. Nach 19Uhr nur Selbst Check-in. Im Notfall k\u00f6nnt Ihr uns immer unter 0160\/66 49 935 zu erreichen.<\/p>\n<div class=\"inner-footer-wrapper\">\n<div class=\"inner-footer-left\"><a href=\"https:\/\/haus-adebar.de\/\"><img decoding=\"async\" class=\"aligncenter\" src=\"https:\/\/www.arena-hostel-hamburg.de\/wp-content\/uploads\/2019\/11\/haus-adebar-logo.jpg\" alt=\"Haus Adebar\" border=\"0\" \/><\/a><\/div>\n<div class=\"inner-footer-center\">\n<p>&nbsp;<\/p>\n<h3>Lust auf Urlaub am sch\u00f6nen M\u00fcritzsee?!<\/h3>\n<p>Dem Gro\u00dfstadtl\u00e4rm entfliehen, Lust auf entspannte Erholung in der Natur.<br \/>\nDann haben wir genau die richtige Adresse f\u00fcr Dich <strong>\u201eDas Haus Adebar\u201c<\/strong> am idyllischen M\u00fcritzsee.<br \/>\nHier ist Dein Nachbar ein echter Storch.<br \/>\nDie Freizeitm\u00f6glichkeiten rund um den M\u00fcritzsee sind abwechslungsreich.<br \/>\nAngeln, Radfahren, Boot fahren, Wandern und in den Sommermonaten am Strand liegen und baden.<br \/>\nDer M\u00fcritzsee ist nur 800 m entfernt.<br \/>\nHat Dich die Vorfreude gepackt, besuche unsere Haus Adebar Webseite und schau es Dir an \u2013 <u>hier klicken<\/u><\/p>\n<\/div>\n<div class=\"inner-footer-right\"><a href=\"https:\/\/haus-adebar.de\/\"><img decoding=\"async\" class=\"aligncenter\" src=\"https:\/\/www.arena-hostel-hamburg.de\/wp-content\/uploads\/2019\/11\/haus-adebar-aussen-1.jpg\" alt=\"Haus Adebar\" width=\"200\" border=\"0\" \/><\/a><\/div>\n<\/div>\n","protected":false},"excerpt":{"rendered":"<p>Die Hausordnung regelt das Zusammenleben aller Mitbewohner des Hauses. Sie enth\u00e4lt Rechte und Pflichten. Sie gilt f\u00fcr alle Bewohner. Ohne eine gewisse Ordnung ist das Zusammenleben mehrerer Menschen unter einem Dach nicht m\u00f6glich. Alle werden sich nur dann wohlf\u00fchlen, wenn alle G\u00e4ste aufeinander R\u00fccksicht nehmen! Bei individuellen Fragen sprecht uns bitte pers\u00f6nlich an. Wir helfen [&hellip;]<\/p>\n","protected":false},"author":1,"featured_media":0,"parent":0,"menu_order":0,"comment_status":"open","ping_status":"open","template":"page-full.php","meta":[],"yoast_head":"<!-- This site is optimized with the Yoast SEO plugin v20.13 - https:\/\/yoast.com\/wordpress\/plugins\/seo\/ -->\n<title>Hausordnung - Arena Hostel Hamburg<\/title>\n<meta name=\"description\" content=\"Erfahren Sie mehr \u00fcber Rechte, Pflichten und Verhaltensregeln f\u00fcr Bewohner.\" \/>\n<meta name=\"robots\" content=\"index, follow, max-snippet:-1, max-image-preview:large, max-video-preview:-1\" \/>\n<link rel=\"canonical\" href=\"https:\/\/www.arena-hostel-hamburg.de\/index.php\/hausordnung\/\" \/>\n<meta property=\"og:locale\" content=\"de_DE\" \/>\n<meta property=\"og:type\" content=\"article\" \/>\n<meta property=\"og:title\" content=\"Hausordnung - Arena Hostel Hamburg\" \/>\n<meta property=\"og:description\" content=\"Erfahren Sie mehr \u00fcber Rechte, Pflichten und Verhaltensregeln f\u00fcr Bewohner.\" \/>\n<meta property=\"og:url\" content=\"https:\/\/www.arena-hostel-hamburg.de\/index.php\/hausordnung\/\" \/>\n<meta property=\"og:site_name\" content=\"Arena Hostel Hamburg\" \/>\n<meta property=\"article:publisher\" content=\"https:\/\/www.facebook.com\/arena.hostel.hamburg\" \/>\n<meta property=\"article:modified_time\" content=\"2023-08-22T06:49:31+00:00\" \/>\n<meta property=\"og:image\" content=\"https:\/\/www.arena-hostel-hamburg.de\/wp-content\/uploads\/2019\/11\/haus-adebar-logo.jpg\" \/>\n<meta name=\"twitter:card\" content=\"summary_large_image\" \/>\n<meta name=\"twitter:label1\" content=\"Gesch\u00e4tzte Lesezeit\" \/>\n\t<meta name=\"twitter:data1\" content=\"4\u00a0Minuten\" \/>\n<script type=\"application\/ld+json\" class=\"yoast-schema-graph\">{\"@context\":\"https:\/\/schema.org\",\"@graph\":[{\"@type\":\"WebPage\",\"@id\":\"https:\/\/www.arena-hostel-hamburg.de\/index.php\/hausordnung\/\",\"url\":\"https:\/\/www.arena-hostel-hamburg.de\/index.php\/hausordnung\/\",\"name\":\"Hausordnung - Arena Hostel Hamburg\",\"isPartOf\":{\"@id\":\"https:\/\/www.arena-hostel-hamburg.de\/#website\"},\"datePublished\":\"2015-04-10T13:44:49+00:00\",\"dateModified\":\"2023-08-22T06:49:31+00:00\",\"description\":\"Erfahren Sie mehr \u00fcber Rechte, Pflichten und Verhaltensregeln f\u00fcr Bewohner.\",\"breadcrumb\":{\"@id\":\"https:\/\/www.arena-hostel-hamburg.de\/index.php\/hausordnung\/#breadcrumb\"},\"inLanguage\":\"de\",\"potentialAction\":[{\"@type\":\"ReadAction\",\"target\":[\"https:\/\/www.arena-hostel-hamburg.de\/index.php\/hausordnung\/\"]}]},{\"@type\":\"BreadcrumbList\",\"@id\":\"https:\/\/www.arena-hostel-hamburg.de\/index.php\/hausordnung\/#breadcrumb\",\"itemListElement\":[{\"@type\":\"ListItem\",\"position\":1,\"name\":\"Startseite\",\"item\":\"https:\/\/www.arena-hostel-hamburg.de\/\"},{\"@type\":\"ListItem\",\"position\":2,\"name\":\"Hausordnung\"}]},{\"@type\":\"WebSite\",\"@id\":\"https:\/\/www.arena-hostel-hamburg.de\/#website\",\"url\":\"https:\/\/www.arena-hostel-hamburg.de\/\",\"name\":\"Arena Hostel Hamburg\",\"description\":\"\",\"publisher\":{\"@id\":\"https:\/\/www.arena-hostel-hamburg.de\/#organization\"},\"potentialAction\":[{\"@type\":\"SearchAction\",\"target\":{\"@type\":\"EntryPoint\",\"urlTemplate\":\"https:\/\/www.arena-hostel-hamburg.de\/?s={search_term_string}\"},\"query-input\":\"required name=search_term_string\"}],\"inLanguage\":\"de\"},{\"@type\":\"Organization\",\"@id\":\"https:\/\/www.arena-hostel-hamburg.de\/#organization\",\"name\":\"Arena Hostel Hamburg\",\"url\":\"https:\/\/www.arena-hostel-hamburg.de\/\",\"logo\":{\"@type\":\"ImageObject\",\"inLanguage\":\"de\",\"@id\":\"https:\/\/www.arena-hostel-hamburg.de\/#\/schema\/logo\/image\/\",\"url\":\"https:\/\/www.arena-hostel-hamburg.de\/wp-content\/uploads\/2023\/08\/images.jpeg\",\"contentUrl\":\"https:\/\/www.arena-hostel-hamburg.de\/wp-content\/uploads\/2023\/08\/images.jpeg\",\"width\":227,\"height\":222,\"caption\":\"Arena Hostel Hamburg\"},\"image\":{\"@id\":\"https:\/\/www.arena-hostel-hamburg.de\/#\/schema\/logo\/image\/\"},\"sameAs\":[\"https:\/\/www.facebook.com\/arena.hostel.hamburg\"]}]}<\/script>\n<!-- \/ Yoast SEO plugin. -->","yoast_head_json":{"title":"Hausordnung - Arena Hostel Hamburg","description":"Erfahren Sie mehr \u00fcber Rechte, Pflichten und Verhaltensregeln f\u00fcr Bewohner.","robots":{"index":"index","follow":"follow","max-snippet":"max-snippet:-1","max-image-preview":"max-image-preview:large","max-video-preview":"max-video-preview:-1"},"canonical":"https:\/\/www.arena-hostel-hamburg.de\/index.php\/hausordnung\/","og_locale":"de_DE","og_type":"article","og_title":"Hausordnung - Arena Hostel Hamburg","og_description":"Erfahren Sie mehr \u00fcber Rechte, Pflichten und Verhaltensregeln f\u00fcr Bewohner.","og_url":"https:\/\/www.arena-hostel-hamburg.de\/index.php\/hausordnung\/","og_site_name":"Arena Hostel Hamburg","article_publisher":"https:\/\/www.facebook.com\/arena.hostel.hamburg","article_modified_time":"2023-08-22T06:49:31+00:00","og_image":[{"url":"https:\/\/www.arena-hostel-hamburg.de\/wp-content\/uploads\/2019\/11\/haus-adebar-logo.jpg"}],"twitter_card":"summary_large_image","twitter_misc":{"Gesch\u00e4tzte Lesezeit":"4\u00a0Minuten"},"schema":{"@context":"https:\/\/schema.org","@graph":[{"@type":"WebPage","@id":"https:\/\/www.arena-hostel-hamburg.de\/index.php\/hausordnung\/","url":"https:\/\/www.arena-hostel-hamburg.de\/index.php\/hausordnung\/","name":"Hausordnung - Arena Hostel Hamburg","isPartOf":{"@id":"https:\/\/www.arena-hostel-hamburg.de\/#website"},"datePublished":"2015-04-10T13:44:49+00:00","dateModified":"2023-08-22T06:49:31+00:00","description":"Erfahren Sie mehr \u00fcber Rechte, Pflichten und Verhaltensregeln f\u00fcr Bewohner.","breadcrumb":{"@id":"https:\/\/www.arena-hostel-hamburg.de\/index.php\/hausordnung\/#breadcrumb"},"inLanguage":"de","potentialAction":[{"@type":"ReadAction","target":["https:\/\/www.arena-hostel-hamburg.de\/index.php\/hausordnung\/"]}]},{"@type":"BreadcrumbList","@id":"https:\/\/www.arena-hostel-hamburg.de\/index.php\/hausordnung\/#breadcrumb","itemListElement":[{"@type":"ListItem","position":1,"name":"Startseite","item":"https:\/\/www.arena-hostel-hamburg.de\/"},{"@type":"ListItem","position":2,"name":"Hausordnung"}]},{"@type":"WebSite","@id":"https:\/\/www.arena-hostel-hamburg.de\/#website","url":"https:\/\/www.arena-hostel-hamburg.de\/","name":"Arena Hostel Hamburg","description":"","publisher":{"@id":"https:\/\/www.arena-hostel-hamburg.de\/#organization"},"potentialAction":[{"@type":"SearchAction","target":{"@type":"EntryPoint","urlTemplate":"https:\/\/www.arena-hostel-hamburg.de\/?s={search_term_string}"},"query-input":"required name=search_term_string"}],"inLanguage":"de"},{"@type":"Organization","@id":"https:\/\/www.arena-hostel-hamburg.de\/#organization","name":"Arena Hostel Hamburg","url":"https:\/\/www.arena-hostel-hamburg.de\/","logo":{"@type":"ImageObject","inLanguage":"de","@id":"https:\/\/www.arena-hostel-hamburg.de\/#\/schema\/logo\/image\/","url":"https:\/\/www.arena-hostel-hamburg.de\/wp-content\/uploads\/2023\/08\/images.jpeg","contentUrl":"https:\/\/www.arena-hostel-hamburg.de\/wp-content\/uploads\/2023\/08\/images.jpeg","width":227,"height":222,"caption":"Arena Hostel Hamburg"},"image":{"@id":"https:\/\/www.arena-hostel-hamburg.de\/#\/schema\/logo\/image\/"},"sameAs":["https:\/\/www.facebook.com\/arena.hostel.hamburg"]}]}},"_links":{"self":[{"href":"https:\/\/www.arena-hostel-hamburg.de\/index.php\/wp-json\/wp\/v2\/pages\/30"}],"collection":[{"href":"https:\/\/www.arena-hostel-hamburg.de\/index.php\/wp-json\/wp\/v2\/pages"}],"about":[{"href":"https:\/\/www.arena-hostel-hamburg.de\/index.php\/wp-json\/wp\/v2\/types\/page"}],"author":[{"embeddable":true,"href":"https:\/\/www.arena-hostel-hamburg.de\/index.php\/wp-json\/wp\/v2\/users\/1"}],"replies":[{"embeddable":true,"href":"https:\/\/www.arena-hostel-hamburg.de\/index.php\/wp-json\/wp\/v2\/comments?post=30"}],"version-history":[{"count":13,"href":"https:\/\/www.arena-hostel-hamburg.de\/index.php\/wp-json\/wp\/v2\/pages\/30\/revisions"}],"predecessor-version":[{"id":1927,"href":"https:\/\/www.arena-hostel-hamburg.de\/index.php\/wp-json\/wp\/v2\/pages\/30\/revisions\/1927"}],"wp:attachment":[{"href":"https:\/\/www.arena-hostel-hamburg.de\/index.php\/wp-json\/wp\/v2\/media?parent=30"}],"curies":[{"name":"wp","href":"https:\/\/api.w.org\/{rel}","templated":true}]}}