{"id":28,"date":"2015-03-16T15:39:53","date_gmt":"2015-03-16T14:39:53","guid":{"rendered":"http:\/\/csommer.eu\/arenahostel\/?page_id=28"},"modified":"2023-09-14T17:40:37","modified_gmt":"2023-09-14T15:40:37","slug":"agb","status":"publish","type":"page","link":"https:\/\/www.arena-hostel-hamburg.de\/index.php\/agb\/","title":{"rendered":"AGB"},"content":{"rendered":"<p><strong>Allgemeine Gesch\u00e4ftsbedingungen<\/strong><\/p>\n<p>Geltung der AGB<\/p>\n<p>Unsere Angebote und Leistungen erfolgen ausschlie\u00dflich aufgrund dieser Allgemeinen Gesch\u00e4ftsbedingungen, soweit einzelvertraglich nichts Abweichendes vereinbart ist. Es gelten die jeweils ver\u00f6ffentlichten Preislisten und die darin genannten Bedingungen; Preislisten neueren Datums heben jeweils die G\u00fcltigkeit der \u00e4lteren Preislisten auf. Bei Buchung \u00fcber eine zentrale Zimmervermittlung wie z.B. hostelworld oder hostelbookers und andere gelten deren Gesch\u00e4ftsbedingungen zur Buchung und Stornierung. Daneben gelten unsere Hausordnung und unsere Gesch\u00e4ftsbedingungen zur Haftung sowie zum Jugend- und Datenschutz.<\/p>\n<p>Buchung und Stornierung<\/p>\n<p>Die Buchung erfolgt grunds\u00e4tzlich nur Online. <strong>Stornierungen sind bis 7 Tage vor Anreise kostenfrei und gegebenenfalls geleistete Anzahlungen werden erstattet. <\/strong>Die Buchung gilt als verbindlich, wenn durch das Arena Hostel Hamburg schriftlich durch \u00dcbersendung der Buchungsbest\u00e4tigung als Anlage in einer Email zugestellt wurde. F\u00fcr den Fall, dass der Gast an der Nutzung der Zimmer aus Gr\u00fcnden, die nicht vom Arena Hostel Hamburg zu vertreten sind, verhindert ist, f\u00e4llt der vereinbarte Preis an, jedoch unter Anrechnung ersparter Aufwendungen. Aus innerbetrieblichen relevanten Gr\u00fcnden, kann das Arena Hostel Hamburg jederzeit die Buchung ohne Schadensersatzanspr\u00fcche stornieren.<\/p>\n<p>Anzahlung<\/p>\n<p>Arena Hostel Hamburg berechnet eine Anzahlung von 25 %, oder den vollen Aufenthaltspreis, welcher vor Anreise auf das Bankkonto des Arena Hostel Hamburg, zu zahlen ist. (Kontodaten: IBAN DE93 2007 0024 0375 4504 01 \/ BIC DEUTDEDBHAM) Abweichungen hiervon, zum Beispiel bei kurzfristiger Buchung, gelten nur nach Best\u00e4tigung durch das Arena Hostel Hamburg in Schriftform. Bei Gro\u00dfveranstaltungen sowie Messen in Hamburg und in Zeiten der Hamburger Schulferien ist der volle Reisepreis als Anzahlung bis sp\u00e4testens 4 Wochen vor Anreise zu entrichten. Darauf weist das Arena Hostel Hamburg in der Reservierungsbest\u00e4tigung hin. Wird die Anzahlung nicht wie vorstehend geleistet, ist Arena Hostel Hamburg nicht verpflichtet, die Buchung aufrechtzuerhalten. Die Zimmer k\u00f6nnen dann anderweitig vermietet werden.<\/p>\n<p>Haftung<\/p>\n<p>Arena Hostel Hamburg haftet f\u00fcr Sachsch\u00e4den durch seine Erf\u00fcllungs- und Verrichtungsgehilfen nur bei grober Fahrl\u00e4ssigkeit oder Vorsatz und im \u00dcbrigen nach den gesetzlichen Bestimmungen. Eine \u00c4nderung der Beweislast ist damit nicht verbunden. Arena Hostel Hamburg beh\u00e4lt sich das Recht vor, technische Anlagen au\u00dfer Betrieb zu stellen, ohne dass daraus ein Anspruch auf R\u00fcckerstattung gebuchter Leistungen besteht, solange der generelle Gesch\u00e4ftsbetrieb weiterhin gew\u00e4hrleistet ist. Der Gast und seine Begleitpersonen sowie der Besteller haften f\u00fcr Sch\u00e4den am Geb\u00e4ude und Inventar sowie f\u00fcr Verluste, insbesondere von Schl\u00fcsseln. Diebstahl und vors\u00e4tzliche Sachbesch\u00e4digungen werden unverz\u00fcglich zur Anzeige gebracht.<\/p>\n<p>Hausordnung und Jugendschutz<\/p>\n<p>Die Hausordnung ist Bestandteil der Allgemeinen Gesch\u00e4ftsbedingungen. Bei Verst\u00f6\u00dfen gegen die Hausordnung ist Arena Hostel Hamburg berechtigt, den Beherbergungsvertrag fristlos zu k\u00fcndigen. Dadurch ggf. nicht in Anspruch genommene Leistungen werden nicht erstattet. Check-in von 16.00 Uhr bis 19.00 Uhr. Ab 19:00 Uhr NUR Selbst Check-in. Andere Anreisezeiten nur nach Absprache. Check-out bis 11.00 Uhr<\/p>\n<p>Jugendschutz<\/p>\n<p>Jugendliche unter 18 Jahren k\u00f6nnen nur in Begleitung mindestens einer verantwortlichen, vollj\u00e4hrigen Person aufgenommen werden. Die Begleitpersonen m\u00fcssen im Haus \u00fcbernachten.<\/p>\n<p>Datenschutz<\/p>\n<p>Der Gast und der Besteller willigen ein, dass die Vertrags- und Abrechnungsdaten f\u00fcr interne Zwecke gesammelt und gespeichert werden; eine Weitergabe der Daten an unbefugte Dritte erfolgt nicht.<\/p>\n","protected":false},"excerpt":{"rendered":"<p>Allgemeine Gesch\u00e4ftsbedingungen Geltung der AGB Unsere Angebote und Leistungen erfolgen ausschlie\u00dflich aufgrund dieser Allgemeinen Gesch\u00e4ftsbedingungen, soweit einzelvertraglich nichts Abweichendes vereinbart ist. Es gelten die jeweils ver\u00f6ffentlichten Preislisten und die darin genannten Bedingungen; Preislisten neueren Datums heben jeweils die G\u00fcltigkeit der \u00e4lteren Preislisten auf. Bei Buchung \u00fcber eine zentrale Zimmervermittlung wie z.B. hostelworld oder hostelbookers und [&hellip;]<\/p>\n","protected":false},"author":1,"featured_media":0,"parent":0,"menu_order":0,"comment_status":"open","ping_status":"open","template":"","meta":[],"yoast_head":"<!-- This site is optimized with the Yoast SEO plugin v20.13 - https:\/\/yoast.com\/wordpress\/plugins\/seo\/ -->\n<title>&quot;Transparente Gesch\u00e4ftsbedingungen - Arena Hostel Hamburg<\/title>\n<meta name=\"description\" content=\"&quot;Erfahren Sie, wie unsere transparenten AGB eine verl\u00e4ssliche Grundlage f\u00fcr eine klare und faire Zusammenarbeit bilden.\" \/>\n<meta name=\"robots\" content=\"index, follow, max-snippet:-1, max-image-preview:large, max-video-preview:-1\" \/>\n<link rel=\"canonical\" href=\"https:\/\/www.arena-hostel-hamburg.de\/index.php\/agb\/\" \/>\n<meta property=\"og:locale\" content=\"de_DE\" \/>\n<meta property=\"og:type\" content=\"article\" \/>\n<meta property=\"og:title\" content=\"&quot;Transparente Gesch\u00e4ftsbedingungen - Arena Hostel Hamburg\" \/>\n<meta property=\"og:description\" content=\"&quot;Erfahren Sie, wie unsere transparenten AGB eine verl\u00e4ssliche Grundlage f\u00fcr eine klare und faire Zusammenarbeit bilden.\" \/>\n<meta property=\"og:url\" content=\"https:\/\/www.arena-hostel-hamburg.de\/index.php\/agb\/\" \/>\n<meta property=\"og:site_name\" content=\"Arena Hostel Hamburg\" \/>\n<meta property=\"article:publisher\" content=\"https:\/\/www.facebook.com\/arena.hostel.hamburg\" \/>\n<meta property=\"article:modified_time\" content=\"2023-09-14T15:40:37+00:00\" \/>\n<meta name=\"twitter:card\" content=\"summary_large_image\" \/>\n<meta name=\"twitter:label1\" content=\"Gesch\u00e4tzte Lesezeit\" \/>\n\t<meta name=\"twitter:data1\" content=\"3\u00a0Minuten\" \/>\n<script type=\"application\/ld+json\" class=\"yoast-schema-graph\">{\"@context\":\"https:\/\/schema.org\",\"@graph\":[{\"@type\":\"WebPage\",\"@id\":\"https:\/\/www.arena-hostel-hamburg.de\/index.php\/agb\/\",\"url\":\"https:\/\/www.arena-hostel-hamburg.de\/index.php\/agb\/\",\"name\":\"\\\"Transparente Gesch\u00e4ftsbedingungen - Arena Hostel Hamburg\",\"isPartOf\":{\"@id\":\"https:\/\/www.arena-hostel-hamburg.de\/#website\"},\"datePublished\":\"2015-03-16T14:39:53+00:00\",\"dateModified\":\"2023-09-14T15:40:37+00:00\",\"description\":\"\\\"Erfahren Sie, wie unsere transparenten AGB eine verl\u00e4ssliche Grundlage f\u00fcr eine klare und faire Zusammenarbeit bilden.\",\"breadcrumb\":{\"@id\":\"https:\/\/www.arena-hostel-hamburg.de\/index.php\/agb\/#breadcrumb\"},\"inLanguage\":\"de\",\"potentialAction\":[{\"@type\":\"ReadAction\",\"target\":[\"https:\/\/www.arena-hostel-hamburg.de\/index.php\/agb\/\"]}]},{\"@type\":\"BreadcrumbList\",\"@id\":\"https:\/\/www.arena-hostel-hamburg.de\/index.php\/agb\/#breadcrumb\",\"itemListElement\":[{\"@type\":\"ListItem\",\"position\":1,\"name\":\"Startseite\",\"item\":\"https:\/\/www.arena-hostel-hamburg.de\/\"},{\"@type\":\"ListItem\",\"position\":2,\"name\":\"AGB\"}]},{\"@type\":\"WebSite\",\"@id\":\"https:\/\/www.arena-hostel-hamburg.de\/#website\",\"url\":\"https:\/\/www.arena-hostel-hamburg.de\/\",\"name\":\"Arena Hostel Hamburg\",\"description\":\"\",\"publisher\":{\"@id\":\"https:\/\/www.arena-hostel-hamburg.de\/#organization\"},\"potentialAction\":[{\"@type\":\"SearchAction\",\"target\":{\"@type\":\"EntryPoint\",\"urlTemplate\":\"https:\/\/www.arena-hostel-hamburg.de\/?s={search_term_string}\"},\"query-input\":\"required name=search_term_string\"}],\"inLanguage\":\"de\"},{\"@type\":\"Organization\",\"@id\":\"https:\/\/www.arena-hostel-hamburg.de\/#organization\",\"name\":\"Arena Hostel Hamburg\",\"url\":\"https:\/\/www.arena-hostel-hamburg.de\/\",\"logo\":{\"@type\":\"ImageObject\",\"inLanguage\":\"de\",\"@id\":\"https:\/\/www.arena-hostel-hamburg.de\/#\/schema\/logo\/image\/\",\"url\":\"https:\/\/www.arena-hostel-hamburg.de\/wp-content\/uploads\/2023\/08\/images.jpeg\",\"contentUrl\":\"https:\/\/www.arena-hostel-hamburg.de\/wp-content\/uploads\/2023\/08\/images.jpeg\",\"width\":227,\"height\":222,\"caption\":\"Arena Hostel Hamburg\"},\"image\":{\"@id\":\"https:\/\/www.arena-hostel-hamburg.de\/#\/schema\/logo\/image\/\"},\"sameAs\":[\"https:\/\/www.facebook.com\/arena.hostel.hamburg\"]}]}<\/script>\n<!-- \/ Yoast SEO plugin. -->","yoast_head_json":{"title":"\"Transparente Gesch\u00e4ftsbedingungen - Arena Hostel Hamburg","description":"\"Erfahren Sie, wie unsere transparenten AGB eine verl\u00e4ssliche Grundlage f\u00fcr eine klare und faire Zusammenarbeit bilden.","robots":{"index":"index","follow":"follow","max-snippet":"max-snippet:-1","max-image-preview":"max-image-preview:large","max-video-preview":"max-video-preview:-1"},"canonical":"https:\/\/www.arena-hostel-hamburg.de\/index.php\/agb\/","og_locale":"de_DE","og_type":"article","og_title":"\"Transparente Gesch\u00e4ftsbedingungen - Arena Hostel Hamburg","og_description":"\"Erfahren Sie, wie unsere transparenten AGB eine verl\u00e4ssliche Grundlage f\u00fcr eine klare und faire Zusammenarbeit bilden.","og_url":"https:\/\/www.arena-hostel-hamburg.de\/index.php\/agb\/","og_site_name":"Arena Hostel Hamburg","article_publisher":"https:\/\/www.facebook.com\/arena.hostel.hamburg","article_modified_time":"2023-09-14T15:40:37+00:00","twitter_card":"summary_large_image","twitter_misc":{"Gesch\u00e4tzte Lesezeit":"3\u00a0Minuten"},"schema":{"@context":"https:\/\/schema.org","@graph":[{"@type":"WebPage","@id":"https:\/\/www.arena-hostel-hamburg.de\/index.php\/agb\/","url":"https:\/\/www.arena-hostel-hamburg.de\/index.php\/agb\/","name":"\"Transparente Gesch\u00e4ftsbedingungen - Arena Hostel Hamburg","isPartOf":{"@id":"https:\/\/www.arena-hostel-hamburg.de\/#website"},"datePublished":"2015-03-16T14:39:53+00:00","dateModified":"2023-09-14T15:40:37+00:00","description":"\"Erfahren Sie, wie unsere transparenten AGB eine verl\u00e4ssliche Grundlage f\u00fcr eine klare und faire Zusammenarbeit bilden.","breadcrumb":{"@id":"https:\/\/www.arena-hostel-hamburg.de\/index.php\/agb\/#breadcrumb"},"inLanguage":"de","potentialAction":[{"@type":"ReadAction","target":["https:\/\/www.arena-hostel-hamburg.de\/index.php\/agb\/"]}]},{"@type":"BreadcrumbList","@id":"https:\/\/www.arena-hostel-hamburg.de\/index.php\/agb\/#breadcrumb","itemListElement":[{"@type":"ListItem","position":1,"name":"Startseite","item":"https:\/\/www.arena-hostel-hamburg.de\/"},{"@type":"ListItem","position":2,"name":"AGB"}]},{"@type":"WebSite","@id":"https:\/\/www.arena-hostel-hamburg.de\/#website","url":"https:\/\/www.arena-hostel-hamburg.de\/","name":"Arena Hostel Hamburg","description":"","publisher":{"@id":"https:\/\/www.arena-hostel-hamburg.de\/#organization"},"potentialAction":[{"@type":"SearchAction","target":{"@type":"EntryPoint","urlTemplate":"https:\/\/www.arena-hostel-hamburg.de\/?s={search_term_string}"},"query-input":"required name=search_term_string"}],"inLanguage":"de"},{"@type":"Organization","@id":"https:\/\/www.arena-hostel-hamburg.de\/#organization","name":"Arena Hostel Hamburg","url":"https:\/\/www.arena-hostel-hamburg.de\/","logo":{"@type":"ImageObject","inLanguage":"de","@id":"https:\/\/www.arena-hostel-hamburg.de\/#\/schema\/logo\/image\/","url":"https:\/\/www.arena-hostel-hamburg.de\/wp-content\/uploads\/2023\/08\/images.jpeg","contentUrl":"https:\/\/www.arena-hostel-hamburg.de\/wp-content\/uploads\/2023\/08\/images.jpeg","width":227,"height":222,"caption":"Arena Hostel Hamburg"},"image":{"@id":"https:\/\/www.arena-hostel-hamburg.de\/#\/schema\/logo\/image\/"},"sameAs":["https:\/\/www.facebook.com\/arena.hostel.hamburg"]}]}},"_links":{"self":[{"href":"https:\/\/www.arena-hostel-hamburg.de\/index.php\/wp-json\/wp\/v2\/pages\/28"}],"collection":[{"href":"https:\/\/www.arena-hostel-hamburg.de\/index.php\/wp-json\/wp\/v2\/pages"}],"about":[{"href":"https:\/\/www.arena-hostel-hamburg.de\/index.php\/wp-json\/wp\/v2\/types\/page"}],"author":[{"embeddable":true,"href":"https:\/\/www.arena-hostel-hamburg.de\/index.php\/wp-json\/wp\/v2\/users\/1"}],"replies":[{"embeddable":true,"href":"https:\/\/www.arena-hostel-hamburg.de\/index.php\/wp-json\/wp\/v2\/comments?post=28"}],"version-history":[{"count":16,"href":"https:\/\/www.arena-hostel-hamburg.de\/index.php\/wp-json\/wp\/v2\/pages\/28\/revisions"}],"predecessor-version":[{"id":2164,"href":"https:\/\/www.arena-hostel-hamburg.de\/index.php\/wp-json\/wp\/v2\/pages\/28\/revisions\/2164"}],"wp:attachment":[{"href":"https:\/\/www.arena-hostel-hamburg.de\/index.php\/wp-json\/wp\/v2\/media?parent=28"}],"curies":[{"name":"wp","href":"https:\/\/api.w.org\/{rel}","templated":true}]}}