{"id":16,"date":"2015-03-16T15:25:34","date_gmt":"2015-03-16T14:25:34","guid":{"rendered":"http:\/\/csommer.eu\/arenahostel\/?page_id=16"},"modified":"2023-08-22T08:44:48","modified_gmt":"2023-08-22T06:44:48","slug":"kontakt","status":"publish","type":"page","link":"https:\/\/www.arena-hostel-hamburg.de\/index.php\/kontakt\/","title":{"rendered":"Anfahrt\/Kontakt"},"content":{"rendered":"<div style=\"position: relative; float: left; width: 48%;\"><strong>Arena Hostel Hamburg<\/strong><br \/>\nFangdieckstra\u00dfe 20 \/ Ecke Schnackenburgallee<br \/>\nD-22547 Hamburg &#8211; 2 Minuten (250 Meter) von S-Bahn Eidelstedt<br \/>\n<a href=\"http:\/\/geofox.hvv.de\/jsf\/home.seam?destType=1&amp;destName=Fangdieckstra%DFe%208&amp;destRegion=Hamburg\" target=\"_blank\" rel=\"noopener noreferrer\"><img decoding=\"async\" loading=\"lazy\" class=\"alignleft size-full wp-image-134\" src=\"https:\/\/www.arena-hostel-hamburg.de\/wp-content\/uploads\/2015\/03\/fahrplan_klein.gif\" alt=\"Fahrplanauskunft HVV\" width=\"110\" height=\"36\" \/><\/a>Telefon 040 &#8211; 5480 1585 (AB)<br \/>\nT\u00e4glich von 10.00 bis 19.00 Uhr<br \/>\nE-Mail: kontakt@arena-hostel-hamburg.de<br \/>\n* Bitte beachten Sie: Reservierungen\/Buchungen machen Sie bitte hier \u00fcber die Homepage. Telefonische Reservierungen sind nicht m\u00f6glich. Pr\u00fcfen Sie bitte, bevor Sie anrufen oder hier eine Email senden, ob ihre Fragen nicht doch schon unter der Rubrik &#8222;Unser Haus\/Zimmer\/Preise&#8220; eine Antwort finden.<\/p>\n<\/div>\n<div style=\"position: relative; float: right; width: 48%; margin-bottom: 40px;\"><iframe loading=\"lazy\" src=\"https:\/\/maps.google.de\/maps?hl=de&amp;q=Fangdieckstra%C3%9Fe+20,+Eidelstedt+22547+Hamburg,+Hamburg,+Hamburg&amp;ie=UTF8&amp;cd=1&amp;geocode=FY3SMQMdjBWXAA&amp;split=0&amp;sll=51.151786,10.415039&amp;sspn=7.307413,14.941406&amp;ll=53.624485,9.918251&amp;spn=0.071266,0.145912&amp;z=12&amp;iwloc=A&amp;output=embed\" width=\"330\" height=\"300\" frameborder=\"0\" marginwidth=\"0\" marginheight=\"0\" scrolling=\"no\"><\/iframe><br \/>\n<small><a style=\"color: #0000ff; text-align: left;\" href=\"http:\/\/maps.google.de\/maps?hl=de&amp;q=Fangdieckstra%C3%9Fe+20,+Eidelstedt+22547+Hamburg,+Hamburg,+Hamburg&amp;ie=UTF8&amp;cd=1&amp;geocode=FY3SMQMdjBWXAA&amp;split=0&amp;sll=51.151786,10.415039&amp;sspn=7.307413,14.941406&amp;ll=53.624485,9.918251&amp;spn=0.071266,0.145912&amp;z=12&amp;iwloc=A&amp;source=embed\">Gr\u00f6\u00dfere Kartenansicht<\/a><\/small><\/div>\n\n                <div class='gf_browser_gecko gform_wrapper' id='gform_wrapper_2' ><form method='post' enctype='multipart\/form-data'  id='gform_2'  action='\/index.php\/wp-json\/wp\/v2\/pages\/16'>\n                        <div class='gform_body'><ul id='gform_fields_2' class='gform_fields top_label form_sublabel_below description_below'><li id='field_2_1' class='gfield gfield_contains_required field_sublabel_below field_description_below' ><label class='gfield_label' for='input_2_1' >Name<span class='gfield_required'>*<\/span><\/label><div class='ginput_container ginput_container_text'><input name='input_1' id='input_2_1' type='text' value='' class='medium'  tabindex='1'   aria-required=\"true\" aria-invalid=\"false\" \/><\/div><\/li><li id='field_2_2' class='gfield gfield_contains_required field_sublabel_below field_description_below' ><label class='gfield_label' for='input_2_2' >E-Mail<span class='gfield_required'>*<\/span><\/label><div class='ginput_container ginput_container_email'>\n                            <input name='input_2' id='input_2_2' type='text' value='' class='medium' tabindex='2'   \/>\n                        <\/div><\/li><li id='field_2_3' class='gfield gfield_contains_required field_sublabel_below field_description_below' ><label class='gfield_label' for='input_2_3' >Betreff<span class='gfield_required'>*<\/span><\/label><div class='ginput_container ginput_container_text'><input name='input_3' id='input_2_3' type='text' value='' class='medium'  tabindex='3'   aria-required=\"true\" aria-invalid=\"false\" \/><\/div><\/li><li id='field_2_4' class='gfield gfield_contains_required field_sublabel_below field_description_below' ><label class='gfield_label' for='input_2_4' >Nachricht<span class='gfield_required'>*<\/span><\/label><div class='ginput_container'><textarea name='input_4' id='input_2_4' class='textarea medium' tabindex='4'   aria-required=\"true\" aria-invalid=\"false\"   rows='10' cols='50'><\/textarea><\/div><\/li><li id='field_2_6' class='gfield field_sublabel_below field_description_below' ><label class='gfield_label'  >Datenschutz-Hinweis<\/label><div class='ginput_container ginput_container_checkbox'><ul class='gfield_checkbox' id='input_2_6'><li class='gchoice_2_6_1'>\n\t\t\t\t\t\t\t\t<input name='input_6.1' type='checkbox'  value='Ich stimme der &lt;a href=&quot;https:\/\/www.arena-hostel-hamburg.de\/index.php\/datenschutz\/&quot; target=&quot;_blank&quot;&gt;Datenschutzerkl\u00e4rung&lt;\/a&gt; zu'  id='choice_2_6_1' tabindex='5'  \/>\n\t\t\t\t\t\t\t\t<label for='choice_2_6_1' id='label_2_6_1'>Ich stimme der <a href=\"https:\/\/www.arena-hostel-hamburg.de\/index.php\/datenschutz\/\" target=\"_blank\">Datenschutzerkl\u00e4rung<\/a> zu<\/label>\n\t\t\t\t\t\t\t<\/li><\/ul><\/div><\/li><li id='field_2_5' class='gfield field_sublabel_below field_description_below' ><label class='gfield_label' for='input_2_5' >CAPTCHA<\/label><div id='input_2_5' class='ginput_container ginput_recaptcha' data-sitekey='6LcRMhgUAAAAAN9PwuLLcbAEh355K8NLUMvETAqd'  data-theme='light' ><\/div><\/li><li id='field_2_7' class='gfield gform_validation_container field_sublabel_below field_description_below' ><label class='gfield_label' for='input_2_7' >Email<\/label><div class='ginput_container'><input name='input_7' id='input_2_7' type='text' value='' \/><\/div><div class='gfield_description'>Dieses Feld dient zur Validierung und sollte nicht ver\u00e4ndert werden.<\/div><\/li>\n                            <\/ul><\/div>\n        <div class='gform_footer top_label'> <input type='submit' id='gform_submit_button_2' class='gform_button button' value='Absenden' tabindex='6' onclick='if(window[\"gf_submitting_2\"]){return false;}  window[\"gf_submitting_2\"]=true;  ' onkeypress='if(window[\"gf_submitting_2\"]){return false;} window[\"gf_submitting_2\"]=true;  jQuery(\"#gform_2\").trigger(\"submit\",[true]);' \/> \n            <input type='hidden' class='gform_hidden' name='is_submit_2' value='1' \/>\n            <input type='hidden' class='gform_hidden' name='gform_submit' value='2' \/>\n            \n            <input type='hidden' class='gform_hidden' name='gform_unique_id' value='' \/>\n            <input type='hidden' class='gform_hidden' name='state_2' value='WyJbXSIsImU3MzIzMTBkNjU1Mzk5MDA1ZWM3MDk3NDllZTcwYmUxIl0=' \/>\n            <input type='hidden' class='gform_hidden' name='gform_target_page_number_2' id='gform_target_page_number_2' value='0' \/>\n            <input type='hidden' class='gform_hidden' name='gform_source_page_number_2' id='gform_source_page_number_2' value='1' \/>\n            <input type='hidden' name='gform_field_values' value='' \/>\n            \n        <\/div>\n                        <\/form>\n                        <\/div><script type='text\/javascript'> if(typeof gf_global == 'undefined') var gf_global = {\"gf_currency_config\":{\"name\":\"Euro\",\"symbol_left\":\"\",\"symbol_right\":\"&#8364;\",\"symbol_padding\":\" \",\"thousand_separator\":\".\",\"decimal_separator\":\",\",\"decimals\":2},\"base_url\":\"https:\\\/\\\/www.arena-hostel-hamburg.de\\\/wp-content\\\/plugins\\\/gravityforms\",\"number_formats\":[],\"spinnerUrl\":\"https:\\\/\\\/www.arena-hostel-hamburg.de\\\/wp-content\\\/plugins\\\/gravityforms\\\/images\\\/spinner.gif\"};jQuery(document).bind('gform_post_render', function(event, formId, currentPage){if(formId == 2) {} } );jQuery(document).bind('gform_post_conditional_logic', function(event, formId, fields, isInit){} );<\/script><script type='text\/javascript'> jQuery(document).ready(function(){jQuery(document).trigger('gform_post_render', [2, 1]) } ); <\/script>\n<div class=\"inner-footer-wrapper\">\n<div class=\"inner-footer-left\"><a href=\"https:\/\/haus-adebar.de\/\"><img decoding=\"async\" class=\"aligncenter\" src=\"https:\/\/www.arena-hostel-hamburg.de\/wp-content\/uploads\/2019\/11\/haus-adebar-logo.jpg\" alt=\"Haus Adebar\" border=\"0\" \/><\/a><\/div>\n<div class=\"inner-footer-center\">\n<p>&nbsp;<\/p>\n<h3>Lust auf Urlaub am sch\u00f6nen M\u00fcritzsee?!<\/h3>\n<p>Dem Gro\u00dfstadtl\u00e4rm entfliehen, Lust auf entspannte Erholung in der Natur.<br \/>\nDann haben wir genau die richtige Adresse f\u00fcr Dich <strong>\u201eDas Haus Adebar\u201c<\/strong> am idyllischen M\u00fcritzsee.<br \/>\nHier ist Dein Nachbar ein echter Storch.<br \/>\nDie Freizeitm\u00f6glichkeiten rund um den M\u00fcritzsee sind abwechslungsreich.<br \/>\nAngeln, Radfahren, Boot fahren, Wandern und in den Sommermonaten am Strand liegen und baden.<br \/>\nDer M\u00fcritzsee ist nur 800m entfernt.<br \/>\nHat Dich die Vorfreude gepackt, besuch unsere Haus Adebar Webseite und schau es Dir an \u2013 <u>hier klicken<\/u><\/p>\n<\/div>\n<div class=\"inner-footer-right\"><a href=\"https:\/\/haus-adebar.de\/\"><img decoding=\"async\" class=\"aligncenter\" src=\"https:\/\/www.arena-hostel-hamburg.de\/wp-content\/uploads\/2019\/11\/haus-adebar-aussen-1.jpg\" alt=\"Haus Adebar\" width=\"200\" border=\"0\" \/><\/a><\/div>\n<\/div>\n","protected":false},"excerpt":{"rendered":"<p>Arena Hostel Hamburg Fangdieckstra\u00dfe 20 \/ Ecke Schnackenburgallee D-22547 Hamburg &#8211; 2 Minuten (250 Meter) von S-Bahn Eidelstedt Telefon 040 &#8211; 5480 1585 (AB) T\u00e4glich von 10.00 bis 19.00 Uhr E-Mail: kontakt@arena-hostel-hamburg.de * Bitte beachten Sie: Reservierungen\/Buchungen machen Sie bitte hier \u00fcber die Homepage. Telefonische Reservierungen sind nicht m\u00f6glich. Pr\u00fcfen Sie bitte, bevor Sie anrufen [&hellip;]<\/p>\n","protected":false},"author":1,"featured_media":0,"parent":0,"menu_order":0,"comment_status":"open","ping_status":"open","template":"page-full.php","meta":[],"yoast_head":"<!-- This site is optimized with the Yoast SEO plugin v20.13 - https:\/\/yoast.com\/wordpress\/plugins\/seo\/ -->\n<title>Anfahrt\/Kontakt - Arena Hostel Hamburg<\/title>\n<meta name=\"description\" content=\"&quot;Entdecken Sie das Arena Hostel in Hamburg. Nur 2 Minuten von der S-Bahn Eidelstedt entfernt. Kontaktieren Sie uns unter 040 - 5480 1585 oder kontakt@arena-hostel-hamburg.de f\u00fcr Informationen. Bitte beachten Sie, Reservierungen bitte online vornehmen. T\u00e4glich von 10.00 bis 19.00 Uhr erreichbar.&quot;\" \/>\n<meta name=\"robots\" content=\"index, follow, max-snippet:-1, max-image-preview:large, max-video-preview:-1\" \/>\n<link rel=\"canonical\" href=\"https:\/\/www.arena-hostel-hamburg.de\/index.php\/kontakt\/\" \/>\n<meta property=\"og:locale\" content=\"de_DE\" \/>\n<meta property=\"og:type\" content=\"article\" \/>\n<meta property=\"og:title\" content=\"Anfahrt\/Kontakt - Arena Hostel Hamburg\" \/>\n<meta property=\"og:description\" content=\"&quot;Entdecken Sie das Arena Hostel in Hamburg. Nur 2 Minuten von der S-Bahn Eidelstedt entfernt. Kontaktieren Sie uns unter 040 - 5480 1585 oder kontakt@arena-hostel-hamburg.de f\u00fcr Informationen. Bitte beachten Sie, Reservierungen bitte online vornehmen. T\u00e4glich von 10.00 bis 19.00 Uhr erreichbar.&quot;\" \/>\n<meta property=\"og:url\" content=\"https:\/\/www.arena-hostel-hamburg.de\/index.php\/kontakt\/\" \/>\n<meta property=\"og:site_name\" content=\"Arena Hostel Hamburg\" \/>\n<meta property=\"article:publisher\" content=\"https:\/\/www.facebook.com\/arena.hostel.hamburg\" \/>\n<meta property=\"article:modified_time\" content=\"2023-08-22T06:44:48+00:00\" \/>\n<meta property=\"og:image\" content=\"https:\/\/www.arena-hostel-hamburg.de\/wp-content\/uploads\/2015\/03\/fahrplan_klein.gif\" \/>\n<meta name=\"twitter:card\" content=\"summary_large_image\" \/>\n<meta name=\"twitter:label1\" content=\"Gesch\u00e4tzte Lesezeit\" \/>\n\t<meta name=\"twitter:data1\" content=\"2\u00a0Minuten\" \/>\n<script type=\"application\/ld+json\" class=\"yoast-schema-graph\">{\"@context\":\"https:\/\/schema.org\",\"@graph\":[{\"@type\":\"WebPage\",\"@id\":\"https:\/\/www.arena-hostel-hamburg.de\/index.php\/kontakt\/\",\"url\":\"https:\/\/www.arena-hostel-hamburg.de\/index.php\/kontakt\/\",\"name\":\"Anfahrt\/Kontakt - Arena Hostel Hamburg\",\"isPartOf\":{\"@id\":\"https:\/\/www.arena-hostel-hamburg.de\/#website\"},\"datePublished\":\"2015-03-16T14:25:34+00:00\",\"dateModified\":\"2023-08-22T06:44:48+00:00\",\"description\":\"\\\"Entdecken Sie das Arena Hostel in Hamburg. Nur 2 Minuten von der S-Bahn Eidelstedt entfernt. Kontaktieren Sie uns unter 040 - 5480 1585 oder kontakt@arena-hostel-hamburg.de f\u00fcr Informationen. Bitte beachten Sie, Reservierungen bitte online vornehmen. T\u00e4glich von 10.00 bis 19.00 Uhr erreichbar.\\\"\",\"breadcrumb\":{\"@id\":\"https:\/\/www.arena-hostel-hamburg.de\/index.php\/kontakt\/#breadcrumb\"},\"inLanguage\":\"de\",\"potentialAction\":[{\"@type\":\"ReadAction\",\"target\":[\"https:\/\/www.arena-hostel-hamburg.de\/index.php\/kontakt\/\"]}]},{\"@type\":\"BreadcrumbList\",\"@id\":\"https:\/\/www.arena-hostel-hamburg.de\/index.php\/kontakt\/#breadcrumb\",\"itemListElement\":[{\"@type\":\"ListItem\",\"position\":1,\"name\":\"Startseite\",\"item\":\"https:\/\/www.arena-hostel-hamburg.de\/\"},{\"@type\":\"ListItem\",\"position\":2,\"name\":\"Anfahrt\/Kontakt\"}]},{\"@type\":\"WebSite\",\"@id\":\"https:\/\/www.arena-hostel-hamburg.de\/#website\",\"url\":\"https:\/\/www.arena-hostel-hamburg.de\/\",\"name\":\"Arena Hostel Hamburg\",\"description\":\"\",\"publisher\":{\"@id\":\"https:\/\/www.arena-hostel-hamburg.de\/#organization\"},\"potentialAction\":[{\"@type\":\"SearchAction\",\"target\":{\"@type\":\"EntryPoint\",\"urlTemplate\":\"https:\/\/www.arena-hostel-hamburg.de\/?s={search_term_string}\"},\"query-input\":\"required name=search_term_string\"}],\"inLanguage\":\"de\"},{\"@type\":\"Organization\",\"@id\":\"https:\/\/www.arena-hostel-hamburg.de\/#organization\",\"name\":\"Arena Hostel Hamburg\",\"url\":\"https:\/\/www.arena-hostel-hamburg.de\/\",\"logo\":{\"@type\":\"ImageObject\",\"inLanguage\":\"de\",\"@id\":\"https:\/\/www.arena-hostel-hamburg.de\/#\/schema\/logo\/image\/\",\"url\":\"https:\/\/www.arena-hostel-hamburg.de\/wp-content\/uploads\/2023\/08\/images.jpeg\",\"contentUrl\":\"https:\/\/www.arena-hostel-hamburg.de\/wp-content\/uploads\/2023\/08\/images.jpeg\",\"width\":227,\"height\":222,\"caption\":\"Arena Hostel Hamburg\"},\"image\":{\"@id\":\"https:\/\/www.arena-hostel-hamburg.de\/#\/schema\/logo\/image\/\"},\"sameAs\":[\"https:\/\/www.facebook.com\/arena.hostel.hamburg\"]}]}<\/script>\n<!-- \/ Yoast SEO plugin. -->","yoast_head_json":{"title":"Anfahrt\/Kontakt - Arena Hostel Hamburg","description":"\"Entdecken Sie das Arena Hostel in Hamburg. Nur 2 Minuten von der S-Bahn Eidelstedt entfernt. Kontaktieren Sie uns unter 040 - 5480 1585 oder kontakt@arena-hostel-hamburg.de f\u00fcr Informationen. Bitte beachten Sie, Reservierungen bitte online vornehmen. T\u00e4glich von 10.00 bis 19.00 Uhr erreichbar.\"","robots":{"index":"index","follow":"follow","max-snippet":"max-snippet:-1","max-image-preview":"max-image-preview:large","max-video-preview":"max-video-preview:-1"},"canonical":"https:\/\/www.arena-hostel-hamburg.de\/index.php\/kontakt\/","og_locale":"de_DE","og_type":"article","og_title":"Anfahrt\/Kontakt - Arena Hostel Hamburg","og_description":"\"Entdecken Sie das Arena Hostel in Hamburg. Nur 2 Minuten von der S-Bahn Eidelstedt entfernt. Kontaktieren Sie uns unter 040 - 5480 1585 oder kontakt@arena-hostel-hamburg.de f\u00fcr Informationen. Bitte beachten Sie, Reservierungen bitte online vornehmen. T\u00e4glich von 10.00 bis 19.00 Uhr erreichbar.\"","og_url":"https:\/\/www.arena-hostel-hamburg.de\/index.php\/kontakt\/","og_site_name":"Arena Hostel Hamburg","article_publisher":"https:\/\/www.facebook.com\/arena.hostel.hamburg","article_modified_time":"2023-08-22T06:44:48+00:00","og_image":[{"url":"https:\/\/www.arena-hostel-hamburg.de\/wp-content\/uploads\/2015\/03\/fahrplan_klein.gif"}],"twitter_card":"summary_large_image","twitter_misc":{"Gesch\u00e4tzte Lesezeit":"2\u00a0Minuten"},"schema":{"@context":"https:\/\/schema.org","@graph":[{"@type":"WebPage","@id":"https:\/\/www.arena-hostel-hamburg.de\/index.php\/kontakt\/","url":"https:\/\/www.arena-hostel-hamburg.de\/index.php\/kontakt\/","name":"Anfahrt\/Kontakt - Arena Hostel Hamburg","isPartOf":{"@id":"https:\/\/www.arena-hostel-hamburg.de\/#website"},"datePublished":"2015-03-16T14:25:34+00:00","dateModified":"2023-08-22T06:44:48+00:00","description":"\"Entdecken Sie das Arena Hostel in Hamburg. Nur 2 Minuten von der S-Bahn Eidelstedt entfernt. Kontaktieren Sie uns unter 040 - 5480 1585 oder kontakt@arena-hostel-hamburg.de f\u00fcr Informationen. Bitte beachten Sie, Reservierungen bitte online vornehmen. T\u00e4glich von 10.00 bis 19.00 Uhr erreichbar.\"","breadcrumb":{"@id":"https:\/\/www.arena-hostel-hamburg.de\/index.php\/kontakt\/#breadcrumb"},"inLanguage":"de","potentialAction":[{"@type":"ReadAction","target":["https:\/\/www.arena-hostel-hamburg.de\/index.php\/kontakt\/"]}]},{"@type":"BreadcrumbList","@id":"https:\/\/www.arena-hostel-hamburg.de\/index.php\/kontakt\/#breadcrumb","itemListElement":[{"@type":"ListItem","position":1,"name":"Startseite","item":"https:\/\/www.arena-hostel-hamburg.de\/"},{"@type":"ListItem","position":2,"name":"Anfahrt\/Kontakt"}]},{"@type":"WebSite","@id":"https:\/\/www.arena-hostel-hamburg.de\/#website","url":"https:\/\/www.arena-hostel-hamburg.de\/","name":"Arena Hostel Hamburg","description":"","publisher":{"@id":"https:\/\/www.arena-hostel-hamburg.de\/#organization"},"potentialAction":[{"@type":"SearchAction","target":{"@type":"EntryPoint","urlTemplate":"https:\/\/www.arena-hostel-hamburg.de\/?s={search_term_string}"},"query-input":"required name=search_term_string"}],"inLanguage":"de"},{"@type":"Organization","@id":"https:\/\/www.arena-hostel-hamburg.de\/#organization","name":"Arena Hostel Hamburg","url":"https:\/\/www.arena-hostel-hamburg.de\/","logo":{"@type":"ImageObject","inLanguage":"de","@id":"https:\/\/www.arena-hostel-hamburg.de\/#\/schema\/logo\/image\/","url":"https:\/\/www.arena-hostel-hamburg.de\/wp-content\/uploads\/2023\/08\/images.jpeg","contentUrl":"https:\/\/www.arena-hostel-hamburg.de\/wp-content\/uploads\/2023\/08\/images.jpeg","width":227,"height":222,"caption":"Arena Hostel Hamburg"},"image":{"@id":"https:\/\/www.arena-hostel-hamburg.de\/#\/schema\/logo\/image\/"},"sameAs":["https:\/\/www.facebook.com\/arena.hostel.hamburg"]}]}},"_links":{"self":[{"href":"https:\/\/www.arena-hostel-hamburg.de\/index.php\/wp-json\/wp\/v2\/pages\/16"}],"collection":[{"href":"https:\/\/www.arena-hostel-hamburg.de\/index.php\/wp-json\/wp\/v2\/pages"}],"about":[{"href":"https:\/\/www.arena-hostel-hamburg.de\/index.php\/wp-json\/wp\/v2\/types\/page"}],"author":[{"embeddable":true,"href":"https:\/\/www.arena-hostel-hamburg.de\/index.php\/wp-json\/wp\/v2\/users\/1"}],"replies":[{"embeddable":true,"href":"https:\/\/www.arena-hostel-hamburg.de\/index.php\/wp-json\/wp\/v2\/comments?post=16"}],"version-history":[{"count":34,"href":"https:\/\/www.arena-hostel-hamburg.de\/index.php\/wp-json\/wp\/v2\/pages\/16\/revisions"}],"predecessor-version":[{"id":2137,"href":"https:\/\/www.arena-hostel-hamburg.de\/index.php\/wp-json\/wp\/v2\/pages\/16\/revisions\/2137"}],"wp:attachment":[{"href":"https:\/\/www.arena-hostel-hamburg.de\/index.php\/wp-json\/wp\/v2\/media?parent=16"}],"curies":[{"name":"wp","href":"https:\/\/api.w.org\/{rel}","templated":true}]}}