{"id":155,"date":"2015-03-16T11:55:30","date_gmt":"2015-03-16T10:55:30","guid":{"rendered":"http:\/\/csommer.eu\/arenahostel\/?page_id=155"},"modified":"2023-09-14T17:39:35","modified_gmt":"2023-09-14T15:39:35","slug":"startseite","status":"publish","type":"page","link":"https:\/\/www.arena-hostel-hamburg.de\/","title":{"rendered":"Startseite"},"content":{"rendered":"<p><script type=\"text\/javascript\">var lsjQuery = jQuery;lsjQuery(document).ready(function() {\r\nif(typeof lsjQuery.fn.layerSlider == \"undefined\") {\r\nif( window._layerSlider && window._layerSlider.showNotice) { \r\nwindow._layerSlider.showNotice('layerslider_1','jquery');\r\n}\r\n} else {\r\nlsjQuery(\"#layerslider_1\").layerSlider({sliderVersion: '', responsiveUnder: 0, layersContainer: 0, pauseOnHover: 'on', skin: 'v5', thumbnailNavigation: 'disabled', skinsPath: 'https:\/\/www.arena-hostel-hamburg.de\/wp-content\/plugins\/LayerSlider\/static\/layerslider\/skins\/', type: 'responsive', showCircleTimer: false});\r\n}\r\n});\r\n<\/script><div id=\"layerslider_1\" class=\"ls-wp-container fitvidsignore\" style=\"width:1008px;height:319px;margin:0 auto;margin-bottom: 0px;\"><div class=\"ls-slide\" data-ls=\"duration:4000;\"><img width=\"1008\" height=\"319\" src=\"https:\/\/www.arena-hostel-hamburg.de\/wp-content\/uploads\/2018\/05\/promo-img.jpg\" class=\"ls-bg\" alt=\"\" decoding=\"async\" loading=\"lazy\" srcset=\"https:\/\/www.arena-hostel-hamburg.de\/wp-content\/uploads\/2018\/05\/promo-img.jpg 1008w, https:\/\/www.arena-hostel-hamburg.de\/wp-content\/uploads\/2018\/05\/promo-img-300x95.jpg 300w, https:\/\/www.arena-hostel-hamburg.de\/wp-content\/uploads\/2018\/05\/promo-img-768x243.jpg 768w\" sizes=\"(max-width: 1008px) 100vw, 1008px\" \/><p style=\"padding-top:4px;padding-right:10px;padding-bottom:4px;padding-left:10px;border-top:3px solid #7999bc;border-right:3px solid #7999bc;border-bottom:3px solid #7999bc;border-left:3px solid #7999bc;font-size:35px;background:#ffffff;border-radius:5px;top:135px;left:225px;\" class=\"ls-l\" data-ls=\"offsetxin:80;offsetxout:-80;durationout:400;parallaxlevel:0;\">Entdecke die spannende Hansestadt<\/p><p style=\"padding-top:4px;padding-right:10px;padding-bottom:4px;padding-left:10px;border-top:3px solid #7999bc;border-right:3px solid #7999bc;border-bottom:3px solid #7999bc;border-left:3px solid #7999bc;font-size:30px;background:#ffffff;border-radius:5px;top:215px;left:375px;\" class=\"ls-l\" data-ls=\"offsetxin:80;delayin:1000;offsetxout:-80;durationout:400;parallaxlevel:0;\"><a href=\"https:\/\/www.arena-hostel-hamburg.de\/index.php\/buchungde\/\" style=\"color:#00b7f3;\">JETZT BUCHEN<\/a><\/p><\/div><div class=\"ls-slide\" data-ls=\"duration:4000;\"><img width=\"1008\" height=\"319\" src=\"https:\/\/www.arena-hostel-hamburg.de\/wp-content\/uploads\/2018\/05\/promo-img_02.jpg\" class=\"ls-bg\" alt=\"\" decoding=\"async\" loading=\"lazy\" srcset=\"https:\/\/www.arena-hostel-hamburg.de\/wp-content\/uploads\/2018\/05\/promo-img_02.jpg 1008w, https:\/\/www.arena-hostel-hamburg.de\/wp-content\/uploads\/2018\/05\/promo-img_02-300x95.jpg 300w, https:\/\/www.arena-hostel-hamburg.de\/wp-content\/uploads\/2018\/05\/promo-img_02-768x243.jpg 768w\" sizes=\"(max-width: 1008px) 100vw, 1008px\" \/><p style=\"padding-top:4px;padding-right:10px;padding-bottom:4px;padding-left:10px;border-top:3px solid #7999bc;border-right:3px solid #7999bc;border-bottom:3px solid #7999bc;border-left:3px solid #7999bc;font-size:35px;background:#ffffff;border-radius:5px;top:135px;left:229px;\" class=\"ls-l\" data-ls=\"offsetxin:80;offsetxout:-80;durationout:400;parallaxlevel:0;\">Genie\u00dfe den einmaligen Hafen-Flair<\/p><p style=\"padding-top:4px;padding-right:10px;padding-bottom:4px;padding-left:10px;border-top:3px solid #7999bc;border-right:3px solid #7999bc;border-bottom:3px solid #7999bc;border-left:3px solid #7999bc;font-size:35px;background:#ffffff;border-radius:5px;top:215px;left:375px;\" class=\"ls-l\" data-ls=\"offsetxin:80;delayin:500;offsetxout:-80;durationout:400;parallaxlevel:0;\"><a href=\"https:\/\/www.arena-hostel-hamburg.de\/index.php\/buchungde\/\" style=\"color:#00b7f3;\">JETZT BUCHEN<\/a><\/p><\/div><div class=\"ls-slide\" data-ls=\"duration:4000;\"><img width=\"1008\" height=\"319\" src=\"https:\/\/www.arena-hostel-hamburg.de\/wp-content\/uploads\/2018\/05\/promo-img_03.jpg\" class=\"ls-bg\" alt=\"\" decoding=\"async\" loading=\"lazy\" srcset=\"https:\/\/www.arena-hostel-hamburg.de\/wp-content\/uploads\/2018\/05\/promo-img_03.jpg 1008w, https:\/\/www.arena-hostel-hamburg.de\/wp-content\/uploads\/2018\/05\/promo-img_03-300x95.jpg 300w, https:\/\/www.arena-hostel-hamburg.de\/wp-content\/uploads\/2018\/05\/promo-img_03-768x243.jpg 768w\" sizes=\"(max-width: 1008px) 100vw, 1008px\" \/><p style=\"padding-top:4px;padding-right:10px;padding-bottom:4px;padding-left:10px;border-top:3px solid #7999bc;border-right:3px solid #7999bc;border-bottom:3px solid #7999bc;border-left:3px solid #7999bc;font-size:35px;background:#ffffff;border-radius:5px;top:135px;left:160px;\" class=\"ls-l\" data-ls=\"offsetxin:80;offsetxout:-80;durationout:400;parallaxlevel:0;\">Romantische Abende an der Binnenalster<\/p><p style=\"padding-top:4px;padding-right:10px;padding-bottom:4px;padding-left:10px;border-top:3px solid #7999bc;border-right:3px solid #7999bc;border-bottom:3px solid #7999bc;border-left:3px solid #7999bc;font-size:35px;background:#ffffff;border-radius:5px;top:225px;left:375px;\" class=\"ls-l\" data-ls=\"offsetxin:80;delayin:500;offsetxout:-80;durationout:400;parallaxlevel:0;\"><a href=\"https:\/\/www.arena-hostel-hamburg.de\/index.php\/buchungde\/\" style=\"color:#00b7f3;\">JETZT BUCHEN<\/a><\/p><\/div><div class=\"ls-slide\" data-ls=\"duration:4000;\"><img width=\"1008\" height=\"319\" src=\"https:\/\/www.arena-hostel-hamburg.de\/wp-content\/uploads\/2018\/05\/promo-img_04.jpg\" class=\"ls-bg\" alt=\"\" decoding=\"async\" loading=\"lazy\" srcset=\"https:\/\/www.arena-hostel-hamburg.de\/wp-content\/uploads\/2018\/05\/promo-img_04.jpg 1008w, https:\/\/www.arena-hostel-hamburg.de\/wp-content\/uploads\/2018\/05\/promo-img_04-300x95.jpg 300w, https:\/\/www.arena-hostel-hamburg.de\/wp-content\/uploads\/2018\/05\/promo-img_04-768x243.jpg 768w\" sizes=\"(max-width: 1008px) 100vw, 1008px\" \/><p style=\"padding-top:4px;padding-right:10px;padding-bottom:4px;padding-left:10px;border-top:3px solid #7999bc;border-right:3px solid #7999bc;border-bottom:3px solid #7999bc;border-left:3px solid #7999bc;font-size:35px;background:#ffffff;border-radius:5px;top:135px;left:290px;\" class=\"ls-l\" data-ls=\"offsetxin:80;offsetxout:-80;durationout:400;parallaxlevel:0;\">Der Hafen begr\u00fc\u00dft den Tag<\/p><p style=\"padding-top:4px;padding-right:10px;padding-bottom:4px;padding-left:10px;border-top:3px solid #7999bc;border-right:3px solid #7999bc;border-bottom:3px solid #7999bc;border-left:3px solid #7999bc;font-size:35px;background:#ffffff;border-radius:5px;top:225px;left:375px;\" class=\"ls-l\" data-ls=\"offsetxin:80;delayin:500;offsetxout:-80;durationout:400;parallaxlevel:0;\"><a href=\"https:\/\/www.arena-hostel-hamburg.de\/index.php\/buchungde\/\" style=\"color:#00b7f3;\">JETZT BUCHEN<\/a><\/p><\/div><div class=\"ls-slide\" data-ls=\"duration:4000;\"><img width=\"1008\" height=\"319\" src=\"https:\/\/www.arena-hostel-hamburg.de\/wp-content\/uploads\/2018\/05\/promo-img_05.jpg\" class=\"ls-bg\" alt=\"\" decoding=\"async\" loading=\"lazy\" srcset=\"https:\/\/www.arena-hostel-hamburg.de\/wp-content\/uploads\/2018\/05\/promo-img_05.jpg 1008w, https:\/\/www.arena-hostel-hamburg.de\/wp-content\/uploads\/2018\/05\/promo-img_05-300x95.jpg 300w, https:\/\/www.arena-hostel-hamburg.de\/wp-content\/uploads\/2018\/05\/promo-img_05-768x243.jpg 768w\" sizes=\"(max-width: 1008px) 100vw, 1008px\" \/><p style=\"padding-top:4px;padding-right:10px;padding-bottom:4px;padding-left:10px;border-top:3px solid #7999bc;border-right:3px solid #7999bc;border-bottom:3px solid #7999bc;border-left:3px solid #7999bc;font-size:35px;background:#ffffff;border-radius:5px;top:135px;left:193px;\" class=\"ls-l\" data-ls=\"offsetxin:80;offsetxout:-80;durationout:400;parallaxlevel:0;\">Entdecke die historische Speicherstadt<\/p><p style=\"padding-top:4px;padding-right:10px;padding-bottom:4px;padding-left:10px;border-top:3px solid #7999bc;border-right:3px solid #7999bc;border-bottom:3px solid #7999bc;border-left:3px solid #7999bc;font-size:35px;background:#ffffff;border-radius:5px;top:225px;left:375px;\" class=\"ls-l\" data-ls=\"offsetxin:80;delayin:500;offsetxout:-80;durationout:400;parallaxlevel:0;\"><a href=\"https:\/\/www.arena-hostel-hamburg.de\/index.php\/buchungde\/\" style=\"color:#00b7f3;\">JETZT BUCHEN<\/a><\/p><\/div><div class=\"ls-slide\" data-ls=\"duration:4000;\"><img width=\"1008\" height=\"319\" src=\"https:\/\/www.arena-hostel-hamburg.de\/wp-content\/uploads\/2018\/05\/promo-img_06.jpg\" class=\"ls-bg\" alt=\"\" decoding=\"async\" loading=\"lazy\" srcset=\"https:\/\/www.arena-hostel-hamburg.de\/wp-content\/uploads\/2018\/05\/promo-img_06.jpg 1008w, https:\/\/www.arena-hostel-hamburg.de\/wp-content\/uploads\/2018\/05\/promo-img_06-300x95.jpg 300w, https:\/\/www.arena-hostel-hamburg.de\/wp-content\/uploads\/2018\/05\/promo-img_06-768x243.jpg 768w\" sizes=\"(max-width: 1008px) 100vw, 1008px\" \/><p style=\"padding-top:4px;padding-right:10px;padding-bottom:4px;padding-left:10px;border-top:3px solid #7999bc;border-right:3px solid #7999bc;border-bottom:3px solid #7999bc;border-left:3px solid #7999bc;font-size:35px;background:#ffffff;border-radius:5px;top:135px;left:171px;\" class=\"ls-l\" data-ls=\"offsetxin:80;offsetxout:-80;durationout:400;parallaxlevel:0;\">Konzert- &amp; Sport-Highlights in den Arenen<\/p><p style=\"padding-top:4px;padding-right:10px;padding-bottom:4px;padding-left:10px;border-top:3px solid #7999bc;border-right:3px solid #7999bc;border-bottom:3px solid #7999bc;border-left:3px solid #7999bc;font-size:35px;background:#ffffff;border-radius:5px;top:225px;left:375px;\" class=\"ls-l\" data-ls=\"offsetxin:80;delayin:500;offsetxout:-80;durationout:400;parallaxlevel:0;\"><a href=\"https:\/\/www.arena-hostel-hamburg.de\/index.php\/buchungde\/\" style=\"color:#00b7f3;\">JETZT BUCHEN<\/a><\/p><\/div><\/div><div class='et-box et-info'>\r\n\t\t\t\t\t<div class='et-box-content'>Unsere Check-in-Zeit ist von 16:00 bis 19:00 Uhr. Falls du fr\u00fcher ankommst, bieten wir Gep\u00e4ckaufbewahrung f\u00fcr deine Bequemlichkeit. Nach 19:00 Uhr ist nur noch Selbst-Check-in m\u00f6glich.<\/div><\/div><\/p>\n<div style=\"width: 100%; background: #ecf0f5; position: relative; float: left;\">\n<div style=\"position: relative; float: left; width: 40%; margin-right: 1%; padding: 1%;\">\n<h1>Willkommen im Arena Hostel Hamburg<\/h1>\n<p>&nbsp;<\/p>\n<p>&#8222;Du kommst als Fremder und gehst als Freund&#8220;<\/p>\n<p>Herzlich willkommen im Arena Hostel Hamburg, wo du als Fremder ankommst und als Freund gehst!<\/p>\n<p>In g\u00fcnstiger Lage neben der S-Bahnstation Eidelstedt ist das Arena Hostel Hamburg eine brandneue Einrichtung. Du erreichst uns bequem zu Fu\u00df innerhalb von 2 Minuten. Die <strong>Barclays Arena<\/strong> und das <strong>Volksparkstadion (HSV)<\/strong> sind nur einen 15-min\u00fctigen Spaziergang entfernt.<\/p>\n<p>Wir bieten erschwingliche Unterk\u00fcnfte sowohl f\u00fcr Gruppen als auch Einzelpersonen. W\u00e4hle aus unserer Auswahl an Doppelzimmern und 6-Bett-Zimmern, alle designed, um eine angenehme und gepflegte Atmosph\u00e4re zu bieten. Nach einem erlebnisreichen Tag in Hamburg bringt dich die S-Bahn in nur 12 Minuten ins lebendige Zentrum von <strong>St. Pauli<\/strong> oder in 15 Minuten zur ber\u00fchmten <strong>Reeperbahn<\/strong> und ins Stadtzentrum von Hamburg. Im <strong>Arena Hostel Hamburg<\/strong> kannst du eine ruhige Nachtruhe abseits des Stadttrubels genie\u00dfen.<\/p>\n<p>Unsere <strong>Check-in-Zeit<\/strong> ist von <strong>16:00 bis 19:00 Uhr<\/strong>. Falls du fr\u00fcher ankommst, bieten wir <strong>Gep\u00e4ckaufbewahrung<\/strong> f\u00fcr deine Bequemlichkeit. <strong>Nach 19:00 Uhr ist nur noch Selbst-Check-in m\u00f6glich<\/strong>. Der sp\u00e4teste <strong>Check-out<\/strong>-Zeitpunkt ist <strong>11:00 Uhr<\/strong>, sodass du das Beste aus deinem Aufenthalt bei uns machen kannst.<\/p>\n<\/div>\n<div style=\"position: relative; float: left; width: 55%; padding: 1%;\">\n<div style=\"background: #fff; padding: 1%;\">\n<h2>Unsere Zimmer<\/h2>\n<p><a href=\"https:\/\/www.arena-hostel-hamburg.de\/wp-content\/uploads\/2023\/08\/IMG_1804-rotated-e1694705566285.jpg\"><img decoding=\"async\" loading=\"lazy\" class=\"alignleft wp-image-1987 size-thumbnail\" src=\"https:\/\/www.arena-hostel-hamburg.de\/wp-content\/uploads\/2023\/08\/IMG_1804-rotated-e1694705726528-150x150.jpg\" alt=\"\" width=\"150\" height=\"150\" srcset=\"https:\/\/www.arena-hostel-hamburg.de\/wp-content\/uploads\/2023\/08\/IMG_1804-rotated-e1694705726528-150x150.jpg 150w, https:\/\/www.arena-hostel-hamburg.de\/wp-content\/uploads\/2023\/08\/IMG_1804-rotated-e1694705726528-48x48.jpg 48w, https:\/\/www.arena-hostel-hamburg.de\/wp-content\/uploads\/2023\/08\/IMG_1804-rotated-e1694705726528-186x186.jpg 186w, https:\/\/www.arena-hostel-hamburg.de\/wp-content\/uploads\/2023\/08\/IMG_1804-rotated-e1694705726528-184x184.jpg 184w\" sizes=\"(max-width: 150px) 100vw, 150px\" \/><\/a><\/p>\n<p>Wir haben das passende Bett f\u00fcr jeden Geschmack. Ob als Paar, Gruppe, Familie oder alleine mit deinem Rucksack &#8211; bei uns wirst du gl\u00fccklich sein! \u00dcbernachtungen ab <strong>20,00 \u20ac pro Person<\/strong>.<\/p>\n<p><a href=\"https:\/\/www.arena-hostel-hamburg.de\/index.php\/rooms\/?lang=de\">mehr erfahren &gt;&gt;<\/a><\/p>\n<\/div>\n<div>\n<h2>Kontaktinformationen<\/h2>\n<p><img decoding=\"async\" loading=\"lazy\" class=\"alignleft size-full wp-image-161\" style=\"width: 120px;\" src=\"https:\/\/www.arena-hostel-hamburg.de\/wp-content\/uploads\/2015\/04\/arena-hostel-hamburg-aussenansicht-klein.jpg\" alt=\"Arena Hostel Hamburg\" width=\"120\" height=\"120\" \/><\/p>\n<p><img decoding=\"async\" loading=\"lazy\" class=\"alignleft wp-image-1566\" src=\"https:\/\/www.arena-hostel-hamburg.de\/wp-content\/uploads\/2021\/11\/IMG_0268-150x150.jpg\" alt=\"\" width=\"112\" height=\"112\" srcset=\"https:\/\/www.arena-hostel-hamburg.de\/wp-content\/uploads\/2021\/11\/IMG_0268-150x150.jpg 150w, https:\/\/www.arena-hostel-hamburg.de\/wp-content\/uploads\/2021\/11\/IMG_0268-48x48.jpg 48w, https:\/\/www.arena-hostel-hamburg.de\/wp-content\/uploads\/2021\/11\/IMG_0268-186x186.jpg 186w, https:\/\/www.arena-hostel-hamburg.de\/wp-content\/uploads\/2021\/11\/IMG_0268-184x184.jpg 184w\" sizes=\"(max-width: 112px) 100vw, 112px\" \/><br \/>\n<img decoding=\"async\" loading=\"lazy\" class=\"alignleft size-full wp-image-165\" src=\"https:\/\/www.arena-hostel-hamburg.de\/wp-content\/uploads\/2015\/04\/kostenlos_anrufen.png\" alt=\"kostenlos_anrufen\" width=\"133\" height=\"30\" \/><\/p>\n<p>&nbsp;<\/p>\n<p>Ein Service von stadtbranchenbuch.com<\/p>\n<p><a href=\"http:\/\/geofox.hvv.de\/jsf\/home.seam?destType=1&amp;destName=Fangdieckstra%DFe%208&amp;destRegion=Hamburg\" target=\"_blank\" rel=\"noopener noreferrer\"><img decoding=\"async\" loading=\"lazy\" class=\"alignleft size-full wp-image-134\" src=\"https:\/\/www.arena-hostel-hamburg.de\/wp-content\/uploads\/2015\/04\/fahrplan_klein.gif\" alt=\"Fahrplanauskunft HVV\" width=\"110\" height=\"36\" \/><\/a><img decoding=\"async\" loading=\"lazy\" class=\"alignleft size-full wp-image-166\" src=\"https:\/\/www.arena-hostel-hamburg.de\/wp-content\/uploads\/2015\/04\/nichtraucher.png\" alt=\"nichtraucher\" width=\"39\" height=\"39\" \/><\/p>\n<\/div>\n<\/div>\n<\/div>\n","protected":false},"excerpt":{"rendered":"<p>Willkommen im Arena Hostel Hamburg &nbsp; &#8222;Du kommst als Fremder und gehst als Freund&#8220; Herzlich willkommen im Arena Hostel Hamburg, wo du als Fremder ankommst und als Freund gehst! In g\u00fcnstiger Lage neben der S-Bahnstation Eidelstedt ist das Arena Hostel Hamburg eine brandneue Einrichtung. Du erreichst uns bequem zu Fu\u00df innerhalb von 2 Minuten. Die [&hellip;]<\/p>\n","protected":false},"author":1,"featured_media":0,"parent":0,"menu_order":0,"comment_status":"open","ping_status":"open","template":"page-full.php","meta":[],"yoast_head":"<!-- This site is optimized with the Yoast SEO plugin v20.13 - https:\/\/yoast.com\/wordpress\/plugins\/seo\/ -->\n<title>Startseite - Arena Hostel Hamburg<\/title>\n<meta name=\"robots\" content=\"index, follow, max-snippet:-1, max-image-preview:large, max-video-preview:-1\" \/>\n<link rel=\"canonical\" href=\"https:\/\/www.arena-hostel-hamburg.de\/\" \/>\n<meta property=\"og:locale\" content=\"de_DE\" \/>\n<meta property=\"og:type\" content=\"article\" \/>\n<meta property=\"og:title\" content=\"Startseite - Arena Hostel Hamburg\" \/>\n<meta property=\"og:description\" content=\"Willkommen im Arena Hostel Hamburg &nbsp; &#8222;Du kommst als Fremder und gehst als Freund&#8220; Herzlich willkommen im Arena Hostel Hamburg, wo du als Fremder ankommst und als Freund gehst! In g\u00fcnstiger Lage neben der S-Bahnstation Eidelstedt ist das Arena Hostel Hamburg eine brandneue Einrichtung. Du erreichst uns bequem zu Fu\u00df innerhalb von 2 Minuten. Die [&hellip;]\" \/>\n<meta property=\"og:url\" content=\"https:\/\/www.arena-hostel-hamburg.de\/\" \/>\n<meta property=\"og:site_name\" content=\"Arena Hostel Hamburg\" \/>\n<meta property=\"article:publisher\" content=\"https:\/\/www.facebook.com\/arena.hostel.hamburg\" \/>\n<meta property=\"article:modified_time\" content=\"2023-09-14T15:39:35+00:00\" \/>\n<meta property=\"og:image\" content=\"https:\/\/www.arena-hostel-hamburg.de\/wp-content\/uploads\/2023\/08\/IMG_1804-rotated-e1694705726528-150x150.jpg\" \/>\n<meta name=\"twitter:card\" content=\"summary_large_image\" \/>\n<meta name=\"twitter:label1\" content=\"Gesch\u00e4tzte Lesezeit\" \/>\n\t<meta name=\"twitter:data1\" content=\"3\u00a0Minuten\" \/>\n<script type=\"application\/ld+json\" class=\"yoast-schema-graph\">{\"@context\":\"https:\/\/schema.org\",\"@graph\":[{\"@type\":\"WebPage\",\"@id\":\"https:\/\/www.arena-hostel-hamburg.de\/\",\"url\":\"https:\/\/www.arena-hostel-hamburg.de\/\",\"name\":\"Startseite - Arena Hostel Hamburg\",\"isPartOf\":{\"@id\":\"https:\/\/www.arena-hostel-hamburg.de\/#website\"},\"datePublished\":\"2015-03-16T10:55:30+00:00\",\"dateModified\":\"2023-09-14T15:39:35+00:00\",\"breadcrumb\":{\"@id\":\"https:\/\/www.arena-hostel-hamburg.de\/#breadcrumb\"},\"inLanguage\":\"de\",\"potentialAction\":[{\"@type\":\"ReadAction\",\"target\":[\"https:\/\/www.arena-hostel-hamburg.de\/\"]}]},{\"@type\":\"BreadcrumbList\",\"@id\":\"https:\/\/www.arena-hostel-hamburg.de\/#breadcrumb\",\"itemListElement\":[{\"@type\":\"ListItem\",\"position\":1,\"name\":\"Startseite\",\"item\":\"https:\/\/www.arena-hostel-hamburg.de\/\"},{\"@type\":\"ListItem\",\"position\":2,\"name\":\"Startseite\"}]},{\"@type\":\"WebSite\",\"@id\":\"https:\/\/www.arena-hostel-hamburg.de\/#website\",\"url\":\"https:\/\/www.arena-hostel-hamburg.de\/\",\"name\":\"Arena Hostel Hamburg\",\"description\":\"\",\"publisher\":{\"@id\":\"https:\/\/www.arena-hostel-hamburg.de\/#organization\"},\"potentialAction\":[{\"@type\":\"SearchAction\",\"target\":{\"@type\":\"EntryPoint\",\"urlTemplate\":\"https:\/\/www.arena-hostel-hamburg.de\/?s={search_term_string}\"},\"query-input\":\"required name=search_term_string\"}],\"inLanguage\":\"de\"},{\"@type\":\"Organization\",\"@id\":\"https:\/\/www.arena-hostel-hamburg.de\/#organization\",\"name\":\"Arena Hostel Hamburg\",\"url\":\"https:\/\/www.arena-hostel-hamburg.de\/\",\"logo\":{\"@type\":\"ImageObject\",\"inLanguage\":\"de\",\"@id\":\"https:\/\/www.arena-hostel-hamburg.de\/#\/schema\/logo\/image\/\",\"url\":\"https:\/\/www.arena-hostel-hamburg.de\/wp-content\/uploads\/2023\/08\/images.jpeg\",\"contentUrl\":\"https:\/\/www.arena-hostel-hamburg.de\/wp-content\/uploads\/2023\/08\/images.jpeg\",\"width\":227,\"height\":222,\"caption\":\"Arena Hostel Hamburg\"},\"image\":{\"@id\":\"https:\/\/www.arena-hostel-hamburg.de\/#\/schema\/logo\/image\/\"},\"sameAs\":[\"https:\/\/www.facebook.com\/arena.hostel.hamburg\"]}]}<\/script>\n<!-- \/ Yoast SEO plugin. -->","yoast_head_json":{"title":"Startseite - Arena Hostel Hamburg","robots":{"index":"index","follow":"follow","max-snippet":"max-snippet:-1","max-image-preview":"max-image-preview:large","max-video-preview":"max-video-preview:-1"},"canonical":"https:\/\/www.arena-hostel-hamburg.de\/","og_locale":"de_DE","og_type":"article","og_title":"Startseite - Arena Hostel Hamburg","og_description":"Willkommen im Arena Hostel Hamburg &nbsp; &#8222;Du kommst als Fremder und gehst als Freund&#8220; Herzlich willkommen im Arena Hostel Hamburg, wo du als Fremder ankommst und als Freund gehst! In g\u00fcnstiger Lage neben der S-Bahnstation Eidelstedt ist das Arena Hostel Hamburg eine brandneue Einrichtung. Du erreichst uns bequem zu Fu\u00df innerhalb von 2 Minuten. Die [&hellip;]","og_url":"https:\/\/www.arena-hostel-hamburg.de\/","og_site_name":"Arena Hostel Hamburg","article_publisher":"https:\/\/www.facebook.com\/arena.hostel.hamburg","article_modified_time":"2023-09-14T15:39:35+00:00","og_image":[{"url":"https:\/\/www.arena-hostel-hamburg.de\/wp-content\/uploads\/2023\/08\/IMG_1804-rotated-e1694705726528-150x150.jpg"}],"twitter_card":"summary_large_image","twitter_misc":{"Gesch\u00e4tzte Lesezeit":"3\u00a0Minuten"},"schema":{"@context":"https:\/\/schema.org","@graph":[{"@type":"WebPage","@id":"https:\/\/www.arena-hostel-hamburg.de\/","url":"https:\/\/www.arena-hostel-hamburg.de\/","name":"Startseite - Arena Hostel Hamburg","isPartOf":{"@id":"https:\/\/www.arena-hostel-hamburg.de\/#website"},"datePublished":"2015-03-16T10:55:30+00:00","dateModified":"2023-09-14T15:39:35+00:00","breadcrumb":{"@id":"https:\/\/www.arena-hostel-hamburg.de\/#breadcrumb"},"inLanguage":"de","potentialAction":[{"@type":"ReadAction","target":["https:\/\/www.arena-hostel-hamburg.de\/"]}]},{"@type":"BreadcrumbList","@id":"https:\/\/www.arena-hostel-hamburg.de\/#breadcrumb","itemListElement":[{"@type":"ListItem","position":1,"name":"Startseite","item":"https:\/\/www.arena-hostel-hamburg.de\/"},{"@type":"ListItem","position":2,"name":"Startseite"}]},{"@type":"WebSite","@id":"https:\/\/www.arena-hostel-hamburg.de\/#website","url":"https:\/\/www.arena-hostel-hamburg.de\/","name":"Arena Hostel Hamburg","description":"","publisher":{"@id":"https:\/\/www.arena-hostel-hamburg.de\/#organization"},"potentialAction":[{"@type":"SearchAction","target":{"@type":"EntryPoint","urlTemplate":"https:\/\/www.arena-hostel-hamburg.de\/?s={search_term_string}"},"query-input":"required name=search_term_string"}],"inLanguage":"de"},{"@type":"Organization","@id":"https:\/\/www.arena-hostel-hamburg.de\/#organization","name":"Arena Hostel Hamburg","url":"https:\/\/www.arena-hostel-hamburg.de\/","logo":{"@type":"ImageObject","inLanguage":"de","@id":"https:\/\/www.arena-hostel-hamburg.de\/#\/schema\/logo\/image\/","url":"https:\/\/www.arena-hostel-hamburg.de\/wp-content\/uploads\/2023\/08\/images.jpeg","contentUrl":"https:\/\/www.arena-hostel-hamburg.de\/wp-content\/uploads\/2023\/08\/images.jpeg","width":227,"height":222,"caption":"Arena Hostel Hamburg"},"image":{"@id":"https:\/\/www.arena-hostel-hamburg.de\/#\/schema\/logo\/image\/"},"sameAs":["https:\/\/www.facebook.com\/arena.hostel.hamburg"]}]}},"_links":{"self":[{"href":"https:\/\/www.arena-hostel-hamburg.de\/index.php\/wp-json\/wp\/v2\/pages\/155"}],"collection":[{"href":"https:\/\/www.arena-hostel-hamburg.de\/index.php\/wp-json\/wp\/v2\/pages"}],"about":[{"href":"https:\/\/www.arena-hostel-hamburg.de\/index.php\/wp-json\/wp\/v2\/types\/page"}],"author":[{"embeddable":true,"href":"https:\/\/www.arena-hostel-hamburg.de\/index.php\/wp-json\/wp\/v2\/users\/1"}],"replies":[{"embeddable":true,"href":"https:\/\/www.arena-hostel-hamburg.de\/index.php\/wp-json\/wp\/v2\/comments?post=155"}],"version-history":[{"count":53,"href":"https:\/\/www.arena-hostel-hamburg.de\/index.php\/wp-json\/wp\/v2\/pages\/155\/revisions"}],"predecessor-version":[{"id":2163,"href":"https:\/\/www.arena-hostel-hamburg.de\/index.php\/wp-json\/wp\/v2\/pages\/155\/revisions\/2163"}],"wp:attachment":[{"href":"https:\/\/www.arena-hostel-hamburg.de\/index.php\/wp-json\/wp\/v2\/media?parent=155"}],"curies":[{"name":"wp","href":"https:\/\/api.w.org\/{rel}","templated":true}]}}