{"id":10,"date":"2015-03-16T15:22:30","date_gmt":"2015-03-16T14:22:30","guid":{"rendered":"http:\/\/csommer.eu\/arenahostel\/?page_id=10"},"modified":"2024-12-01T12:58:51","modified_gmt":"2024-12-01T11:58:51","slug":"preise-des-arena-hostel-hamburg","status":"publish","type":"page","link":"https:\/\/www.arena-hostel-hamburg.de\/index.php\/preise-des-arena-hostel-hamburg\/","title":{"rendered":"Unsere Preise"},"content":{"rendered":"<p><img decoding=\"async\" loading=\"lazy\" class=\"alignright wp-image-121\" src=\"https:\/\/www.arena-hostel-hamburg.de\/wp-content\/uploads\/2015\/04\/arena-hostel-hamburg-balkony-web.jpg\" alt=\"Arena Hostel Hamburg\" width=\"222\" height=\"382\" \/><\/p>\n<table class=\"priceTable\" style=\"width: 602px; padding: 2px; height: 336px;\" border=\"0\">\n<tbody>\n<tr style=\"background-color: #c6d8ea;\">\n<td style=\"width: 264.931px; height: 48px;\"><strong>Zimmer<\/strong><\/td>\n<td style=\"width: 104.097px; height: 48px;\"><strong>Sonntag bis Donnerstag*<\/strong><\/td>\n<td style=\"width: 211.875px; height: 48px;\"><strong>Freitag u. Samstag*<\/strong><\/td>\n<\/tr>\n<tr style=\"height: 48px;\">\n<td style=\"width: 264.931px; height: 48px;\">Doppelzimmer &#8211; Dusche\/WC\/Balkon<\/td>\n<td style=\"width: 104.097px; height: 48px;\">ab \u20ac 80 pro Zimmer<\/td>\n<td style=\"width: 211.875px; height: 48px;\">ab \u20ac 130 pro Zimmer<\/td>\n<\/tr>\n<tr style=\"height: 24px;\">\n<td style=\"width: 264.931px; height: 24px;\">Doppelzimmer &#8211; Dusche\/WC<\/td>\n<td style=\"width: 104.097px; height: 24px;\">ab \u20ac 70 pro Zimmer<\/td>\n<td style=\"width: 211.875px; height: 24px;\">ab \u20ac 110 pro Zimmer<\/td>\n<\/tr>\n<tr>\n<td style=\"width: 264.931px;\">Doppelzimmer &#8211; Gemeinschaftsbad<\/td>\n<td style=\"width: 104.097px;\">ab \u20ac 70 pro Zimmer<\/td>\n<td style=\"width: 211.875px;\">ab \u20ac\u00a0 90 pro Zimmer<\/td>\n<\/tr>\n<tr>\n<td style=\"width: 264.931px;\">3-Bettzimmer &#8211; Gemeinschaftsbad<\/td>\n<td style=\"width: 104.097px;\">ab \u20ac 100 pro Zimmer<\/td>\n<td style=\"width: 211.875px;\">ab \u20ac 110 pro Zimmer<\/td>\n<\/tr>\n<tr style=\"height: 48px;\">\n<td style=\"width: 264.931px; height: 48px;\">4-Bett-Zimmer &#8211; Dusche\/WC (privat)<\/td>\n<td style=\"width: 104.097px; height: 48px;\">ab \u20ac 140 pro Zimmer<\/td>\n<td style=\"width: 211.875px; height: 48px;\">ab \u20ac 200 pro Zimmer<\/td>\n<\/tr>\n<tr style=\"height: 48px;\">\n<td style=\"width: 264.931px; height: 48px;\">6-Bett-Zimmer &#8211; Dusche\/WC (privat)<\/td>\n<td style=\"width: 104.097px; height: 48px;\">ab \u20ac 180 pro Zimmer<\/td>\n<td style=\"width: 211.875px; height: 48px;\">ab \u20ac 250 pro Zimmer<\/td>\n<\/tr>\n<tr style=\"height: 48px;\">\n<td style=\"width: 264.931px; height: 48px;\">4-Bett-Zimmer &#8211; Gemeinschaftsbad<\/td>\n<td style=\"width: 104.097px; height: 48px;\">ab \u20ac 30 pro Gast<\/td>\n<td style=\"width: 211.875px; height: 48px;\">ab \u20ac 40 pro Gast<\/td>\n<\/tr>\n<tr style=\"height: 24px;\">\n<td style=\"width: 264.931px; height: 24px;\">6-Bett-Zimmer &#8211; Dusche\/WC<\/td>\n<td style=\"width: 104.097px; height: 24px;\">ab \u20ac 35 pro Gast<\/td>\n<td style=\"width: 211.875px; height: 24px;\">ab \u20ac 45 pro Gast<\/td>\n<\/tr>\n<\/tbody>\n<\/table>\n<p><div class='et-box et-info'>\r\n\t\t\t\t\t<div class='et-box-content'>* Preise gelten jeweils f\u00fcr eine \u00dcbernachtung <strong>ohne<\/strong> Fr\u00fchst\u00fcck. Die aktuellen Preise f\u00fcr ihren Reisezeitraum\nentnehmen Sie bitte dem Online Kalender, den sie durch klicken auf &#8222;<a href=\"https:\/\/www.arena-hostel-hamburg.de\/index.php\/buchungde\/\">Reservierung<\/a>&#8220; finden.\n<strong><span style=\"font-size: small;\">Erh\u00f6hte Preise an Messetagen, Konzerten in den Arenen und Gro\u00dfveranstaltungen<\/span>\n<\/strong><\/div><\/div><br \/>\n<div class='et-box et-bio'>\r\n\t\t\t\t\t<div class='et-box-content'>-&gt;<strong>Preise f\u00fcr Monteure<\/strong> auf Anfrage oder <a href=\"https:\/\/www.arena-hostel-hamburg.de\/index.php\/beruf\/\" target=\"_blank\" rel=\"noopener noreferrer\">HIER<\/a> Klicken!&lt;-<\/div><\/div><\/p>\n<table class=\"priceTable\" style=\"width: 600px;\" border=\"0\">\n<tbody>\n<tr style=\"background-color: #c6d8ea;\">\n<td colspan=\"2\"><strong>Kostenpflichtiger Service<\/strong><\/td>\n<\/tr>\n<tr>\n<td>Handtuchverleih:<\/td>\n<td>3,00 \u20ac pro Duschhandtuch<\/td>\n<\/tr>\n<tr>\n<td>Selbst\u00e4ndiger<br \/>\nW\u00e4scheservice:<\/td>\n<td>6,00 \u20ac f\u00fcr eine Trommel (7Kg) Waschen und Trocknen<\/td>\n<\/tr>\n<tr>\n<td>B\u00fcgeleisen<\/td>\n<td>2,00 \u20ac inkl. B\u00fcgelbrett (8,00 \u20ac Pfand)<\/td>\n<\/tr>\n<tr>\n<td>Haar-F\u00f6hn<\/td>\n<td>2,00 \u20ac (8,00 \u20ac Pfand)<\/td>\n<\/tr>\n<\/tbody>\n<\/table>\n<p>&nbsp;<\/p>\n<p>Alle Preise verstehen sich inkl. 7 % Mwst. F\u00fcr alle privaten und beruflichen Aufenthalte wird eine Tourismusabgabe berechnet. Diese variiert je nach Anzahl der G\u00e4ste und des gesamten Nettobetrages Ihrer Buchung. <a href=\"https:\/\/www.hamburg-tourism.de\/services\/kultur-tourismustaxe\/\" target=\"_blank\" rel=\"noopener\">(Informationen Kulturtaxenabgabe). <\/a>Die Bezahlung erfolgt, bei kurzfristigen Buchungen, direkt vor Ort. Bei l\u00e4ngerem Vorlauf erfolgt die Bezahlung in zwei Teilen: Als 25% Anzahlung per Bank\u00fcberweisung oder PayPal bis 4 Wochen vor Anreise und der Rest vor Ort. Sie bekommen alle notwendigen Information nach der Buchung per E-Mail von uns mitgeteilt.<br \/>\n<strong>Wir akzeptieren Barzahlung und Kreditkarten von VISA und MASTERCARD oder die <em>Maestro<\/em>-Karten, V-Pay und die kontaktlose Girocard. Auch sind Zahlungen \u00fcber <a href=\"https:\/\/www.paypal.com\/cgi-bin\/webscr?cmd=_s-xclick&amp;hosted_button_id=H4BSELXZ54RDU\" target=\"_blank\" rel=\"noopener noreferrer\">PayPal\u00a0<\/a><\/strong><strong>m\u00f6glich!<br \/>\n<\/strong><br \/>\nFr\u00fchst\u00fcck ist <strong>nicht<\/strong> buchbar! Ein eigenst\u00e4ndiges Fr\u00fchst\u00fcck-Lokal befindet sich gleich nebenan und hat<a href=\"https:\/\/www.arena-hostel-hamburg.de\/wp-content\/uploads\/2023\/09\/image-1.jpg\"><img decoding=\"async\" loading=\"lazy\" class=\"alignright wp-image-2146 size-medium\" src=\"https:\/\/www.arena-hostel-hamburg.de\/wp-content\/uploads\/2023\/09\/image-1-291x300.jpg\" alt=\"\" width=\"291\" height=\"300\" srcset=\"https:\/\/www.arena-hostel-hamburg.de\/wp-content\/uploads\/2023\/09\/image-1-291x300.jpg 291w, https:\/\/www.arena-hostel-hamburg.de\/wp-content\/uploads\/2023\/09\/image-1-48x48.jpg 48w, https:\/\/www.arena-hostel-hamburg.de\/wp-content\/uploads\/2023\/09\/image-1.jpg 392w\" sizes=\"(max-width: 291px) 100vw, 291px\" \/><\/a><br \/>\nge\u00f6ffnet von Montag &#8211; Freitag von 5.00-13.30 Uhr. (<a href=\"http:\/\/www.fruehstuecksladen-eidelstedt.de\/\" target=\"_blank\" rel=\"noopener noreferrer\">LINK<\/a>)<\/p>\n<p><strong><span style=\"font-size: small;\">Erh\u00f6hte Preise an Messetagen, Konzerten in den Arenen und Gro\u00dfveranstaltungen<\/span><br \/>\n(siehe Veranstaltungsliste)<\/strong><\/p>\n<table class=\"priceTable\" style=\"width: 554px; padding: 2px; height: 961px;\" border=\"0\">\n<tbody>\n<tr style=\"background-color: #c6d8ea; height: 24px;\">\n<td style=\"height: 24px; width: 172.378px;\"><strong>Datum <\/strong><\/td>\n<td style=\"height: 24px; width: 125.286px;\"><strong>Ort <\/strong><\/td>\n<td style=\"height: 24px; width: 235.234px;\"><strong>Veranstaltung <\/strong><\/td>\n<\/tr>\n<tr style=\"height: 23px;\">\n<td style=\"width: 172.378px; height: 23px;\">03.12.2024<\/td>\n<td style=\"width: 125.286px; height: 23px;\">BC-Arena<\/td>\n<td style=\"width: 235.234px; height: 23px;\">Mary Roos &amp; Wolfgang Trepper<\/td>\n<\/tr>\n<tr style=\"height: 23px;\">\n<td style=\"width: 172.378px; height: 23px;\">06.12.2024<\/td>\n<td style=\"width: 125.286px; height: 23px;\">BC-Arena<\/td>\n<td style=\"width: 235.234px; height: 23px;\">DJ \u00d6tzi<\/td>\n<\/tr>\n<tr style=\"height: 23px;\">\n<td style=\"width: 172.378px; height: 23px;\">10.12.2024<\/td>\n<td style=\"width: 125.286px; height: 23px;\">BC-Arena<\/td>\n<td style=\"width: 235.234px; height: 23px;\">Biyon Kattilathu<br \/>\nLEBE.LIEBE.LACHE.<\/td>\n<\/tr>\n<tr style=\"height: 23px;\">\n<td style=\"width: 172.378px; height: 23px;\">11.12.2024<\/td>\n<td style=\"width: 125.286px; height: 23px;\">BC-Arena<\/td>\n<td style=\"width: 235.234px; height: 23px;\">Die FANTA Vier<\/td>\n<\/tr>\n<tr style=\"height: 23px;\">\n<td style=\"width: 172.378px; height: 23px;\">13. &#8211; 14.12.2024<\/td>\n<td style=\"width: 125.286px; height: 23px;\">BC-Arena<\/td>\n<td style=\"width: 235.234px; height: 23px;\">Night of the Proms<\/td>\n<\/tr>\n<tr style=\"height: 23px;\">\n<td style=\"width: 172.378px; height: 23px;\">20. &#8211; 21.12.2024<\/td>\n<td style=\"width: 125.286px; height: 23px;\">BC-Arena<\/td>\n<td style=\"width: 235.234px; height: 23px;\">GZUZ &amp; Bonez MC<\/td>\n<\/tr>\n<tr style=\"height: 23px;\">\n<td style=\"width: 172.378px; height: 23px;\">28.01.2025<\/td>\n<td style=\"width: 125.286px; height: 23px;\">BC-Arena<\/td>\n<td style=\"width: 235.234px; height: 23px;\">Wahnsinn!<\/td>\n<\/tr>\n<tr style=\"height: 23px;\">\n<td style=\"width: 172.378px; height: 23px;\">31.01.2025<\/td>\n<td style=\"width: 125.286px; height: 23px;\">BC-Arena<\/td>\n<td style=\"width: 235.234px; height: 23px;\">Jan B\u00f6hnermann<\/td>\n<\/tr>\n<tr style=\"height: 10px;\">\n<td style=\"width: 172.378px; height: 10px;\">10.02.2025<\/td>\n<td style=\"width: 125.286px; height: 10px;\">BC-Arena<\/td>\n<td style=\"width: 235.234px; height: 10px;\">Pietro Lombardi<\/td>\n<\/tr>\n<tr style=\"height: 10px;\">\n<td style=\"width: 172.378px; height: 10px;\">13.02.2025<\/td>\n<td style=\"width: 125.286px; height: 10px;\">BC-Arena<\/td>\n<td style=\"width: 235.234px; height: 10px;\">Maite Kelly<\/td>\n<\/tr>\n<tr style=\"height: 23px;\">\n<td style=\"width: 172.378px; height: 23px;\">14.02.2025<\/td>\n<td style=\"width: 125.286px; height: 23px;\">BC-Arena<\/td>\n<td style=\"width: 235.234px; height: 23px;\">Carolin Kebekus<\/td>\n<\/tr>\n<tr style=\"height: 23px;\">\n<td style=\"width: 172.378px; height: 23px;\">22.02.2025<\/td>\n<td style=\"width: 125.286px; height: 23px;\">BC-Arena<\/td>\n<td style=\"width: 235.234px; height: 23px;\">Andrea Berg<\/td>\n<\/tr>\n<tr style=\"height: 23px;\">\n<td style=\"width: 172.378px; height: 23px;\">06.03.2025<\/td>\n<td style=\"width: 125.286px; height: 23px;\">BC-Arena<\/td>\n<td style=\"width: 235.234px; height: 23px;\">Kaya Yanar<\/td>\n<\/tr>\n<tr style=\"height: 23px;\">\n<td style=\"width: 172.378px; height: 23px;\">14.03.2025<\/td>\n<td style=\"width: 125.286px; height: 23px;\">BC-Arena<\/td>\n<td style=\"width: 235.234px; height: 23px;\">Max Raabe<\/td>\n<\/tr>\n<tr style=\"height: 23px;\">\n<td style=\"width: 172.378px; height: 23px;\">25.03.2025<\/td>\n<td style=\"width: 125.286px; height: 23px;\">BC-Arena<\/td>\n<td style=\"width: 235.234px; height: 23px;\">Torsten Str\u00e4ter<\/td>\n<\/tr>\n<tr style=\"height: 23px;\">\n<td style=\"width: 172.378px; height: 23px;\">03.04.2025<\/td>\n<td style=\"width: 125.286px; height: 23px;\">BC-Arena<\/td>\n<td style=\"width: 235.234px; height: 23px;\">Harry Potter und der Stein der Weisen<br \/>\nin Concert<\/td>\n<\/tr>\n<tr style=\"height: 23px;\">\n<td style=\"width: 172.378px; height: 23px;\">30. &#8211; 31.05.2024<\/td>\n<td style=\"width: 125.286px; height: 23px;\">BC-Arena<\/td>\n<td style=\"width: 235.234px; height: 23px;\">Teddy Show<\/td>\n<\/tr>\n<\/tbody>\n<\/table>\n<p>&nbsp;<\/p>\n<p>&nbsp;<\/p>\n<div class=\"inner-footer-wrapper\">\n<div class=\"inner-footer-left\"><a href=\"https:\/\/haus-adebar.de\/\"><img decoding=\"async\" class=\"aligncenter\" src=\"https:\/\/www.arena-hostel-hamburg.de\/wp-content\/uploads\/2019\/11\/haus-adebar-logo.jpg\" alt=\"Haus Adebar\" border=\"0\" \/><\/a><\/div>\n<div class=\"inner-footer-center\">\n<p>&nbsp;<\/p>\n<h3>Lust auf Urlaub am sch\u00f6nen M\u00fcritzsee?!<\/h3>\n<p>Dem Gro\u00dfstadtl\u00e4rm entfliehen, Lust auf entspannte Erholung in der Natur.<br \/>\nDann haben wir genau die richtige Adresse f\u00fcr Dich <strong>\u201eDas Haus Adebar\u201c<\/strong> am idyllischen M\u00fcritzsee.<br \/>\nHier ist Dein Nachbar ein echter Storch.<br \/>\nDie Freizeitm\u00f6glichkeiten rund um den M\u00fcritzsee sind abwechslungsreich.<br \/>\nAngeln, Radfahren, Boot fahren, Wandern und in den Sommermonaten am Strand liegen und baden.<br \/>\nDer M\u00fcritzsee ist nur 800 m entfernt.<br \/>\nHat Dich die Vorfreude gepackt, besuche unser Haus Adebar Webseite und schau es Dir an \u2013 <u>hier klicken<\/u><\/p>\n<\/div>\n<div class=\"inner-footer-right\"><a href=\"https:\/\/haus-adebar.de\/\"><img decoding=\"async\" class=\"aligncenter\" src=\"https:\/\/www.arena-hostel-hamburg.de\/wp-content\/uploads\/2019\/11\/haus-adebar-aussen-1.jpg\" alt=\"Haus Adebar\" width=\"200\" border=\"0\" \/><\/a><\/div>\n<\/div>\n","protected":false},"excerpt":{"rendered":"<p>Zimmer Sonntag bis Donnerstag* Freitag u. Samstag* Doppelzimmer &#8211; Dusche\/WC\/Balkon ab \u20ac 80 pro Zimmer ab \u20ac 130 pro Zimmer Doppelzimmer &#8211; Dusche\/WC ab \u20ac 70 pro Zimmer ab \u20ac 110 pro Zimmer Doppelzimmer &#8211; Gemeinschaftsbad ab \u20ac 70 pro Zimmer ab \u20ac\u00a0 90 pro Zimmer 3-Bettzimmer &#8211; Gemeinschaftsbad ab \u20ac 100 pro Zimmer ab [&hellip;]<\/p>\n","protected":false},"author":1,"featured_media":0,"parent":0,"menu_order":0,"comment_status":"open","ping_status":"open","template":"page-full.php","meta":[],"yoast_head":"<!-- This site is optimized with the Yoast SEO plugin v20.13 - https:\/\/yoast.com\/wordpress\/plugins\/seo\/ -->\n<title>Unsere Preise<\/title>\n<meta name=\"description\" content=\"&quot;Attraktive Zimmerpreise im Arena Hostel Hamburg: Komfort f\u00fcr jeden Bedarf. Buchen Sie Doppelzimmer mit Balkon, Gemeinschaftsb\u00e4der und mehr. Alle Preise inkl. MwSt. und Tourismusabgabe. Bequeme Beizahlungsoptionen verf\u00fcgbar. Jetzt buchen und Hamburg erleben!&quot;\" \/>\n<meta name=\"robots\" content=\"index, follow, max-snippet:-1, max-image-preview:large, max-video-preview:-1\" \/>\n<link rel=\"canonical\" href=\"https:\/\/www.arena-hostel-hamburg.de\/index.php\/preise-des-arena-hostel-hamburg\/\" \/>\n<meta property=\"og:locale\" content=\"de_DE\" \/>\n<meta property=\"og:type\" content=\"article\" \/>\n<meta property=\"og:title\" content=\"Unsere Preise\" \/>\n<meta property=\"og:description\" content=\"&quot;Attraktive Zimmerpreise im Arena Hostel Hamburg: Komfort f\u00fcr jeden Bedarf. Buchen Sie Doppelzimmer mit Balkon, Gemeinschaftsb\u00e4der und mehr. Alle Preise inkl. MwSt. und Tourismusabgabe. Bequeme Beizahlungsoptionen verf\u00fcgbar. Jetzt buchen und Hamburg erleben!&quot;\" \/>\n<meta property=\"og:url\" content=\"https:\/\/www.arena-hostel-hamburg.de\/index.php\/preise-des-arena-hostel-hamburg\/\" \/>\n<meta property=\"og:site_name\" content=\"Arena Hostel Hamburg\" \/>\n<meta property=\"article:publisher\" content=\"https:\/\/www.facebook.com\/arena.hostel.hamburg\" \/>\n<meta property=\"article:modified_time\" content=\"2024-12-01T11:58:51+00:00\" \/>\n<meta property=\"og:image\" content=\"https:\/\/www.arena-hostel-hamburg.de\/wp-content\/uploads\/2015\/04\/arena-hostel-hamburg-balkony-web.jpg\" \/>\n<meta name=\"twitter:card\" content=\"summary_large_image\" \/>\n<meta name=\"twitter:label1\" content=\"Gesch\u00e4tzte Lesezeit\" \/>\n\t<meta name=\"twitter:data1\" content=\"4\u00a0Minuten\" \/>\n<script type=\"application\/ld+json\" class=\"yoast-schema-graph\">{\"@context\":\"https:\/\/schema.org\",\"@graph\":[{\"@type\":\"WebPage\",\"@id\":\"https:\/\/www.arena-hostel-hamburg.de\/index.php\/preise-des-arena-hostel-hamburg\/\",\"url\":\"https:\/\/www.arena-hostel-hamburg.de\/index.php\/preise-des-arena-hostel-hamburg\/\",\"name\":\"Unsere Preise\",\"isPartOf\":{\"@id\":\"https:\/\/www.arena-hostel-hamburg.de\/#website\"},\"datePublished\":\"2015-03-16T14:22:30+00:00\",\"dateModified\":\"2024-12-01T11:58:51+00:00\",\"description\":\"\\\"Attraktive Zimmerpreise im Arena Hostel Hamburg: Komfort f\u00fcr jeden Bedarf. Buchen Sie Doppelzimmer mit Balkon, Gemeinschaftsb\u00e4der und mehr. Alle Preise inkl. MwSt. und Tourismusabgabe. Bequeme Beizahlungsoptionen verf\u00fcgbar. Jetzt buchen und Hamburg erleben!\\\"\",\"breadcrumb\":{\"@id\":\"https:\/\/www.arena-hostel-hamburg.de\/index.php\/preise-des-arena-hostel-hamburg\/#breadcrumb\"},\"inLanguage\":\"de\",\"potentialAction\":[{\"@type\":\"ReadAction\",\"target\":[\"https:\/\/www.arena-hostel-hamburg.de\/index.php\/preise-des-arena-hostel-hamburg\/\"]}]},{\"@type\":\"BreadcrumbList\",\"@id\":\"https:\/\/www.arena-hostel-hamburg.de\/index.php\/preise-des-arena-hostel-hamburg\/#breadcrumb\",\"itemListElement\":[{\"@type\":\"ListItem\",\"position\":1,\"name\":\"Startseite\",\"item\":\"https:\/\/www.arena-hostel-hamburg.de\/\"},{\"@type\":\"ListItem\",\"position\":2,\"name\":\"Unsere Preise\"}]},{\"@type\":\"WebSite\",\"@id\":\"https:\/\/www.arena-hostel-hamburg.de\/#website\",\"url\":\"https:\/\/www.arena-hostel-hamburg.de\/\",\"name\":\"Arena Hostel Hamburg\",\"description\":\"\",\"publisher\":{\"@id\":\"https:\/\/www.arena-hostel-hamburg.de\/#organization\"},\"potentialAction\":[{\"@type\":\"SearchAction\",\"target\":{\"@type\":\"EntryPoint\",\"urlTemplate\":\"https:\/\/www.arena-hostel-hamburg.de\/?s={search_term_string}\"},\"query-input\":\"required name=search_term_string\"}],\"inLanguage\":\"de\"},{\"@type\":\"Organization\",\"@id\":\"https:\/\/www.arena-hostel-hamburg.de\/#organization\",\"name\":\"Arena Hostel Hamburg\",\"url\":\"https:\/\/www.arena-hostel-hamburg.de\/\",\"logo\":{\"@type\":\"ImageObject\",\"inLanguage\":\"de\",\"@id\":\"https:\/\/www.arena-hostel-hamburg.de\/#\/schema\/logo\/image\/\",\"url\":\"https:\/\/www.arena-hostel-hamburg.de\/wp-content\/uploads\/2023\/08\/images.jpeg\",\"contentUrl\":\"https:\/\/www.arena-hostel-hamburg.de\/wp-content\/uploads\/2023\/08\/images.jpeg\",\"width\":227,\"height\":222,\"caption\":\"Arena Hostel Hamburg\"},\"image\":{\"@id\":\"https:\/\/www.arena-hostel-hamburg.de\/#\/schema\/logo\/image\/\"},\"sameAs\":[\"https:\/\/www.facebook.com\/arena.hostel.hamburg\"]}]}<\/script>\n<!-- \/ Yoast SEO plugin. -->","yoast_head_json":{"title":"Unsere Preise","description":"\"Attraktive Zimmerpreise im Arena Hostel Hamburg: Komfort f\u00fcr jeden Bedarf. Buchen Sie Doppelzimmer mit Balkon, Gemeinschaftsb\u00e4der und mehr. Alle Preise inkl. MwSt. und Tourismusabgabe. Bequeme Beizahlungsoptionen verf\u00fcgbar. Jetzt buchen und Hamburg erleben!\"","robots":{"index":"index","follow":"follow","max-snippet":"max-snippet:-1","max-image-preview":"max-image-preview:large","max-video-preview":"max-video-preview:-1"},"canonical":"https:\/\/www.arena-hostel-hamburg.de\/index.php\/preise-des-arena-hostel-hamburg\/","og_locale":"de_DE","og_type":"article","og_title":"Unsere Preise","og_description":"\"Attraktive Zimmerpreise im Arena Hostel Hamburg: Komfort f\u00fcr jeden Bedarf. Buchen Sie Doppelzimmer mit Balkon, Gemeinschaftsb\u00e4der und mehr. Alle Preise inkl. MwSt. und Tourismusabgabe. Bequeme Beizahlungsoptionen verf\u00fcgbar. Jetzt buchen und Hamburg erleben!\"","og_url":"https:\/\/www.arena-hostel-hamburg.de\/index.php\/preise-des-arena-hostel-hamburg\/","og_site_name":"Arena Hostel Hamburg","article_publisher":"https:\/\/www.facebook.com\/arena.hostel.hamburg","article_modified_time":"2024-12-01T11:58:51+00:00","og_image":[{"url":"https:\/\/www.arena-hostel-hamburg.de\/wp-content\/uploads\/2015\/04\/arena-hostel-hamburg-balkony-web.jpg"}],"twitter_card":"summary_large_image","twitter_misc":{"Gesch\u00e4tzte Lesezeit":"4\u00a0Minuten"},"schema":{"@context":"https:\/\/schema.org","@graph":[{"@type":"WebPage","@id":"https:\/\/www.arena-hostel-hamburg.de\/index.php\/preise-des-arena-hostel-hamburg\/","url":"https:\/\/www.arena-hostel-hamburg.de\/index.php\/preise-des-arena-hostel-hamburg\/","name":"Unsere Preise","isPartOf":{"@id":"https:\/\/www.arena-hostel-hamburg.de\/#website"},"datePublished":"2015-03-16T14:22:30+00:00","dateModified":"2024-12-01T11:58:51+00:00","description":"\"Attraktive Zimmerpreise im Arena Hostel Hamburg: Komfort f\u00fcr jeden Bedarf. Buchen Sie Doppelzimmer mit Balkon, Gemeinschaftsb\u00e4der und mehr. Alle Preise inkl. MwSt. und Tourismusabgabe. Bequeme Beizahlungsoptionen verf\u00fcgbar. Jetzt buchen und Hamburg erleben!\"","breadcrumb":{"@id":"https:\/\/www.arena-hostel-hamburg.de\/index.php\/preise-des-arena-hostel-hamburg\/#breadcrumb"},"inLanguage":"de","potentialAction":[{"@type":"ReadAction","target":["https:\/\/www.arena-hostel-hamburg.de\/index.php\/preise-des-arena-hostel-hamburg\/"]}]},{"@type":"BreadcrumbList","@id":"https:\/\/www.arena-hostel-hamburg.de\/index.php\/preise-des-arena-hostel-hamburg\/#breadcrumb","itemListElement":[{"@type":"ListItem","position":1,"name":"Startseite","item":"https:\/\/www.arena-hostel-hamburg.de\/"},{"@type":"ListItem","position":2,"name":"Unsere Preise"}]},{"@type":"WebSite","@id":"https:\/\/www.arena-hostel-hamburg.de\/#website","url":"https:\/\/www.arena-hostel-hamburg.de\/","name":"Arena Hostel Hamburg","description":"","publisher":{"@id":"https:\/\/www.arena-hostel-hamburg.de\/#organization"},"potentialAction":[{"@type":"SearchAction","target":{"@type":"EntryPoint","urlTemplate":"https:\/\/www.arena-hostel-hamburg.de\/?s={search_term_string}"},"query-input":"required name=search_term_string"}],"inLanguage":"de"},{"@type":"Organization","@id":"https:\/\/www.arena-hostel-hamburg.de\/#organization","name":"Arena Hostel Hamburg","url":"https:\/\/www.arena-hostel-hamburg.de\/","logo":{"@type":"ImageObject","inLanguage":"de","@id":"https:\/\/www.arena-hostel-hamburg.de\/#\/schema\/logo\/image\/","url":"https:\/\/www.arena-hostel-hamburg.de\/wp-content\/uploads\/2023\/08\/images.jpeg","contentUrl":"https:\/\/www.arena-hostel-hamburg.de\/wp-content\/uploads\/2023\/08\/images.jpeg","width":227,"height":222,"caption":"Arena Hostel Hamburg"},"image":{"@id":"https:\/\/www.arena-hostel-hamburg.de\/#\/schema\/logo\/image\/"},"sameAs":["https:\/\/www.facebook.com\/arena.hostel.hamburg"]}]}},"_links":{"self":[{"href":"https:\/\/www.arena-hostel-hamburg.de\/index.php\/wp-json\/wp\/v2\/pages\/10"}],"collection":[{"href":"https:\/\/www.arena-hostel-hamburg.de\/index.php\/wp-json\/wp\/v2\/pages"}],"about":[{"href":"https:\/\/www.arena-hostel-hamburg.de\/index.php\/wp-json\/wp\/v2\/types\/page"}],"author":[{"embeddable":true,"href":"https:\/\/www.arena-hostel-hamburg.de\/index.php\/wp-json\/wp\/v2\/users\/1"}],"replies":[{"embeddable":true,"href":"https:\/\/www.arena-hostel-hamburg.de\/index.php\/wp-json\/wp\/v2\/comments?post=10"}],"version-history":[{"count":323,"href":"https:\/\/www.arena-hostel-hamburg.de\/index.php\/wp-json\/wp\/v2\/pages\/10\/revisions"}],"predecessor-version":[{"id":2218,"href":"https:\/\/www.arena-hostel-hamburg.de\/index.php\/wp-json\/wp\/v2\/pages\/10\/revisions\/2218"}],"wp:attachment":[{"href":"https:\/\/www.arena-hostel-hamburg.de\/index.php\/wp-json\/wp\/v2\/media?parent=10"}],"curies":[{"name":"wp","href":"https:\/\/api.w.org\/{rel}","templated":true}]}}